{"id":1326,"date":"2021-11-05T08:30:16","date_gmt":"2021-11-05T07:30:16","guid":{"rendered":"http:\/\/biotopik.org\/?page_id=1326"},"modified":"2022-02-24T12:39:51","modified_gmt":"2022-02-24T11:39:51","slug":"lintention","status":"publish","type":"page","link":"https:\/\/biotopik.org\/index.php\/lintention\/","title":{"rendered":"L&#8217;intention"},"content":{"rendered":"\t\t<div data-elementor-type=\"wp-page\" data-elementor-id=\"1326\" class=\"elementor elementor-1326\" data-elementor-settings=\"[]\">\n\t\t\t\t\t\t\t<div class=\"elementor-section-wrap\">\n\t\t\t\t\t\t\t<section class=\"elementor-section elementor-top-section elementor-element elementor-element-74cbe55 elementor-section-boxed elementor-section-height-default elementor-section-height-default\" data-id=\"74cbe55\" data-element_type=\"section\">\n\t\t\t\t\t\t\t<div class=\"elementor-background-overlay\"><\/div>\n\t\t\t\t\t\t\t<div class=\"elementor-container elementor-column-gap-default\">\n\t\t\t\t\t<div class=\"elementor-column elementor-col-100 elementor-top-column elementor-element elementor-element-57c0a0e\" data-id=\"57c0a0e\" data-element_type=\"column\">\n\t\t\t<div class=\"elementor-widget-wrap elementor-element-populated\">\n\t\t\t\t\t\t\t\t<div class=\"elementor-element elementor-element-8dbc4bd elementor-widget elementor-widget-heading\" data-id=\"8dbc4bd\" data-element_type=\"widget\" data-widget_type=\"heading.default\">\n\t\t\t\t<div class=\"elementor-widget-container\">\n\t\t\t<h1 class=\"elementor-heading-title elementor-size-default\">\"Aucune carte du monde n'est digne d'un regard si le pays de l'Utopie n'y figure pas\", O.Wilde<\/h1>\t\t<\/div>\n\t\t\t\t<\/div>\n\t\t\t\t\t<\/div>\n\t\t<\/div>\n\t\t\t\t\t\t\t<\/div>\n\t\t<\/section>\n\t\t\t\t<section class=\"elementor-section elementor-top-section elementor-element elementor-element-745426d elementor-section-boxed elementor-section-height-default elementor-section-height-default\" data-id=\"745426d\" data-element_type=\"section\">\n\t\t\t\t\t\t<div class=\"elementor-container elementor-column-gap-default\">\n\t\t\t\t\t<div class=\"elementor-column elementor-col-100 elementor-top-column elementor-element elementor-element-1d0f273\" data-id=\"1d0f273\" data-element_type=\"column\">\n\t\t\t<div class=\"elementor-widget-wrap elementor-element-populated\">\n\t\t\t\t\t\t\t\t<div class=\"elementor-element elementor-element-0cb10bd elementor-widget elementor-widget-spacer\" data-id=\"0cb10bd\" data-element_type=\"widget\" data-widget_type=\"spacer.default\">\n\t\t\t\t<div class=\"elementor-widget-container\">\n\t\t\t\t\t<div class=\"elementor-spacer\">\n\t\t\t<div class=\"elementor-spacer-inner\"><\/div>\n\t\t<\/div>\n\t\t\t\t<\/div>\n\t\t\t\t<\/div>\n\t\t\t\t<div class=\"elementor-element elementor-element-ae264e2 elementor-widget elementor-widget-heading\" data-id=\"ae264e2\" data-element_type=\"widget\" data-widget_type=\"heading.default\">\n\t\t\t\t<div class=\"elementor-widget-container\">\n\t\t\t<h2 class=\"elementor-heading-title elementor-size-default\">L'intention... et l'utopie ?<\/h2>\t\t<\/div>\n\t\t\t\t<\/div>\n\t\t\t\t<div class=\"elementor-element elementor-element-9a7c916 elementor-widget elementor-widget-spacer\" data-id=\"9a7c916\" data-element_type=\"widget\" data-widget_type=\"spacer.default\">\n\t\t\t\t<div class=\"elementor-widget-container\">\n\t\t\t\t\t<div class=\"elementor-spacer\">\n\t\t\t<div class=\"elementor-spacer-inner\"><\/div>\n\t\t<\/div>\n\t\t\t\t<\/div>\n\t\t\t\t<\/div>\n\t\t\t\t\t<\/div>\n\t\t<\/div>\n\t\t\t\t\t\t\t<\/div>\n\t\t<\/section>\n\t\t\t\t<section class=\"elementor-section elementor-top-section elementor-element elementor-element-c835c0e elementor-section-boxed elementor-section-height-default elementor-section-height-default\" data-id=\"c835c0e\" data-element_type=\"section\">\n\t\t\t\t\t\t\t<div class=\"elementor-background-overlay\"><\/div>\n\t\t\t\t\t\t\t<div class=\"elementor-container elementor-column-gap-default\">\n\t\t\t\t\t<div class=\"elementor-column elementor-col-100 elementor-top-column elementor-element elementor-element-501aa28\" data-id=\"501aa28\" data-element_type=\"column\">\n\t\t\t<div class=\"elementor-widget-wrap elementor-element-populated\">\n\t\t\t\t\t\t\t\t<section class=\"elementor-section elementor-inner-section elementor-element elementor-element-df3a548 elementor-section-boxed elementor-section-height-default elementor-section-height-default\" data-id=\"df3a548\" data-element_type=\"section\">\n\t\t\t\t\t\t\t<div class=\"elementor-background-overlay\"><\/div>\n\t\t\t\t\t\t\t<div class=\"elementor-container elementor-column-gap-default\">\n\t\t\t\t\t<div class=\"elementor-column elementor-col-100 elementor-inner-column elementor-element elementor-element-cfef552\" data-id=\"cfef552\" data-element_type=\"column\">\n\t\t\t<div class=\"elementor-widget-wrap elementor-element-populated\">\n\t\t\t\t\t\t\t\t<div class=\"elementor-element elementor-element-a28f4a6 elementor-widget elementor-widget-heading\" data-id=\"a28f4a6\" data-element_type=\"widget\" data-widget_type=\"heading.default\">\n\t\t\t\t<div class=\"elementor-widget-container\">\n\t\t\t<h2 class=\"elementor-heading-title elementor-size-default\">Notre Manifesto<\/h2>\t\t<\/div>\n\t\t\t\t<\/div>\n\t\t\t\t\t<\/div>\n\t\t<\/div>\n\t\t\t\t\t\t\t<\/div>\n\t\t<\/section>\n\t\t\t\t<div class=\"elementor-element elementor-element-aae52e2 elementor-widget elementor-widget-text-editor\" data-id=\"aae52e2\" data-element_type=\"widget\" data-widget_type=\"text-editor.default\">\n\t\t\t\t<div class=\"elementor-widget-container\">\n\t\t\t\t\t\t\t<p><span style=\"background-color: transparent; font-family: var( --e-global-typography-text-font-family ), Sans-serif; font-weight: var( --e-global-typography-text-font-weight );\">Nous voulons<\/span><b style=\"background-color: transparent; font-family: var( --e-global-typography-text-font-family ), Sans-serif;\">\u00a0<\/b><span style=\"background-color: transparent; font-family: var( --e-global-typography-text-font-family ), Sans-serif; font-weight: var( --e-global-typography-text-font-weight );\">remettre la <\/span><span style=\"background-color: transparent; font-family: var( --e-global-typography-text-font-family ), Sans-serif;\"><b>coh\u00e9rence<\/b><\/span><span style=\"background-color: transparent; font-family: var( --e-global-typography-text-font-family ), Sans-serif; font-weight: var( --e-global-typography-text-font-weight );\"> dans chaque projet, collectif ou individuel, avec le Vivant ;<\/span><\/p><p>Nous voulons remettre \u00e0 chacun la <b>capacit\u00e9 d\u2019action<\/b> qu\u2019il a sur son environnement direct et indirect \/ reprendre de la <b>gouvernance <\/b>;<\/p><p>Nous voulons <b>explorer <\/b>avec vous des modes d\u2019organisation et mani\u00e8res de vivre nos territoires, en coh\u00e9rence avec le Vivant ;<\/p><p>Nous voulons catalyser, accompagner, rendre possible les vocations des Hommes et des territoires, participer \u00e0 la <strong>dynamisation<\/strong> d&#8217;un territoire \/ association de tous les acteurs d&#8217;un territoire pour un am\u00e9nagement durable ;<\/p><p>Nous r\u00eavons<b>\u00a0<\/b>de <strong>d\u00e9cloisonner<\/strong> et aider \u00e0 <strong>r\u00e9inventer<\/strong>, \u00e0 ouvrir \u2013 par l\u2019imaginaire, le voyage, l\u2019aventure, l\u2019optimisme du merveilleux ;<\/p><p>Nous r\u00eavons de vous apporter de la <strong>fra\u00eecheur<\/strong> et de la vibration dans vos projets ;<\/p><p>Nous voulons instaurer la <strong>CONFIANCE<\/strong> et la parole lib\u00e9r\u00e9e.<\/p><p><b>Nous r\u00eavons de vous aider \u00e0 r\u00e9aliser vos r\u00eaves<\/b>\u00a0<b>conscients et partag\u00e9s, en coh\u00e9rence avec le Vivant.<\/b><\/p>\t\t\t\t\t\t<\/div>\n\t\t\t\t<\/div>\n\t\t\t\t\t<\/div>\n\t\t<\/div>\n\t\t\t\t\t\t\t<\/div>\n\t\t<\/section>\n\t\t\t\t<section class=\"elementor-section elementor-top-section elementor-element elementor-element-dbd7c89 elementor-section-boxed elementor-section-height-default elementor-section-height-default\" data-id=\"dbd7c89\" data-element_type=\"section\">\n\t\t\t\t\t\t<div class=\"elementor-container elementor-column-gap-default\">\n\t\t\t\t\t<div class=\"elementor-column elementor-col-33 elementor-top-column elementor-element elementor-element-9dba061\" data-id=\"9dba061\" data-element_type=\"column\">\n\t\t\t<div class=\"elementor-widget-wrap elementor-element-populated\">\n\t\t\t\t\t\t\t\t<div class=\"elementor-element elementor-element-18a344b elementor-widget elementor-widget-spacer\" data-id=\"18a344b\" data-element_type=\"widget\" data-widget_type=\"spacer.default\">\n\t\t\t\t<div class=\"elementor-widget-container\">\n\t\t\t\t\t<div class=\"elementor-spacer\">\n\t\t\t<div class=\"elementor-spacer-inner\"><\/div>\n\t\t<\/div>\n\t\t\t\t<\/div>\n\t\t\t\t<\/div>\n\t\t\t\t<div class=\"elementor-element elementor-element-68f057d elementor-widget elementor-widget-htmega-service-addons\" data-id=\"68f057d\" data-element_type=\"widget\" data-widget_type=\"htmega-service-addons.default\">\n\t\t\t\t<div class=\"elementor-widget-container\">\n\t\t\t            <div class=\"htmega-service htmega-service-style-2\" >\n                <a href=\"https:\/\/biotopik.org\/index.php\/le-projet\/\"><div class=\"icon\"><i aria-hidden=\"true\" class=\"fas fa-route\"><\/i><\/div><\/a>                <div class=\"content\">\n                    <h4 class=\"service-title\"><a href=\" https:\/\/biotopik.org\/index.php\/le-projet\/ \">Le projet<\/a><\/h4>                <\/div>\n            <\/div>\n\n        \t\t<\/div>\n\t\t\t\t<\/div>\n\t\t\t\t\t<\/div>\n\t\t<\/div>\n\t\t\t\t<div class=\"elementor-column elementor-col-33 elementor-top-column elementor-element elementor-element-70b94a0\" data-id=\"70b94a0\" data-element_type=\"column\">\n\t\t\t<div class=\"elementor-widget-wrap elementor-element-populated\">\n\t\t\t\t\t\t\t\t<div class=\"elementor-element elementor-element-483136a elementor-widget elementor-widget-spacer\" data-id=\"483136a\" data-element_type=\"widget\" data-widget_type=\"spacer.default\">\n\t\t\t\t<div class=\"elementor-widget-container\">\n\t\t\t\t\t<div class=\"elementor-spacer\">\n\t\t\t<div class=\"elementor-spacer-inner\"><\/div>\n\t\t<\/div>\n\t\t\t\t<\/div>\n\t\t\t\t<\/div>\n\t\t\t\t<div class=\"elementor-element elementor-element-c12d7df elementor-widget elementor-widget-htmega-service-addons\" data-id=\"c12d7df\" data-element_type=\"widget\" data-widget_type=\"htmega-service-addons.default\">\n\t\t\t\t<div class=\"elementor-widget-container\">\n\t\t\t            <div class=\"htmega-service htmega-service-style-2\" >\n                <a href=\"https:\/\/biotopik.org\/index.php\/que-cache-biotopik\/\"><div class=\"icon\"><i aria-hidden=\"true\" class=\"fas fa-theater-masks\"><\/i><\/div><\/a>                <div class=\"content\">\n                    <h4 class=\"service-title\"><a href=\" https:\/\/biotopik.org\/index.php\/que-cache-biotopik\/ \">Que cache BiotopiK<\/a><\/h4><p>\n<\/p>                <\/div>\n            <\/div>\n\n        \t\t<\/div>\n\t\t\t\t<\/div>\n\t\t\t\t\t<\/div>\n\t\t<\/div>\n\t\t\t\t<div class=\"elementor-column elementor-col-33 elementor-top-column elementor-element elementor-element-3d09616\" data-id=\"3d09616\" data-element_type=\"column\">\n\t\t\t<div class=\"elementor-widget-wrap elementor-element-populated\">\n\t\t\t\t\t\t\t\t<div class=\"elementor-element elementor-element-ab17dca elementor-widget elementor-widget-spacer\" data-id=\"ab17dca\" data-element_type=\"widget\" data-widget_type=\"spacer.default\">\n\t\t\t\t<div class=\"elementor-widget-container\">\n\t\t\t\t\t<div class=\"elementor-spacer\">\n\t\t\t<div class=\"elementor-spacer-inner\"><\/div>\n\t\t<\/div>\n\t\t\t\t<\/div>\n\t\t\t\t<\/div>\n\t\t\t\t<div class=\"elementor-element elementor-element-05b1a52 elementor-widget elementor-widget-htmega-service-addons\" data-id=\"05b1a52\" data-element_type=\"widget\" data-widget_type=\"htmega-service-addons.default\">\n\t\t\t\t<div class=\"elementor-widget-container\">\n\t\t\t            <div class=\"htmega-service htmega-service-style-2\" >\n                <a href=\"https:\/\/biotopik.org\/index.php\/valeurs-et-principes-de-travail\/\"><div class=\"icon\"><i aria-hidden=\"true\" class=\"fas fa-anchor\"><\/i><\/div><\/a>                <div class=\"content\">\n                    <h4 class=\"service-title\"><a href=\" https:\/\/biotopik.org\/index.php\/valeurs-et-principes-de-travail\/ \">Les Valeurs et Concepts<\/a><\/h4>                <\/div>\n            <\/div>\n\n        \t\t<\/div>\n\t\t\t\t<\/div>\n\t\t\t\t\t<\/div>\n\t\t<\/div>\n\t\t\t\t\t\t\t<\/div>\n\t\t<\/section>\n\t\t\t\t\t\t<\/div>\n\t\t\t\t\t<\/div>\n\t\t","protected":false},"excerpt":{"rendered":"<p>&#8220;Aucune carte du monde n&#8217;est digne d&#8217;un regard si le pays de l&#8217;Utopie n&#8217;y figure pas&#8221;, O.Wilde L&#8217;intention&#8230; et l&#8217;utopie ? Notre Manifesto Nous voulons\u00a0remettre la coh\u00e9rence dans chaque projet, collectif ou individuel, avec le Vivant ; Nous voulons remettre \u00e0 chacun la capacit\u00e9 d\u2019action qu\u2019il a sur son environnement direct et indirect \/ reprendre [&hellip;]<\/p>\n","protected":false},"author":1,"featured_media":0,"parent":0,"menu_order":0,"comment_status":"closed","ping_status":"closed","template":"","meta":{"_monsterinsights_skip_tracking":false,"_monsterinsights_sitenote_active":false,"_monsterinsights_sitenote_note":"","_monsterinsights_sitenote_category":0,"footnotes":""},"_links":{"self":[{"href":"https:\/\/biotopik.org\/index.php\/wp-json\/wp\/v2\/pages\/1326"}],"collection":[{"href":"https:\/\/biotopik.org\/index.php\/wp-json\/wp\/v2\/pages"}],"about":[{"href":"https:\/\/biotopik.org\/index.php\/wp-json\/wp\/v2\/types\/page"}],"author":[{"embeddable":true,"href":"https:\/\/biotopik.org\/index.php\/wp-json\/wp\/v2\/users\/1"}],"replies":[{"embeddable":true,"href":"https:\/\/biotopik.org\/index.php\/wp-json\/wp\/v2\/comments?post=1326"}],"version-history":[{"count":37,"href":"https:\/\/biotopik.org\/index.php\/wp-json\/wp\/v2\/pages\/1326\/revisions"}],"predecessor-version":[{"id":3418,"href":"https:\/\/biotopik.org\/index.php\/wp-json\/wp\/v2\/pages\/1326\/revisions\/3418"}],"wp:attachment":[{"href":"https:\/\/biotopik.org\/index.php\/wp-json\/wp\/v2\/media?parent=1326"}],"curies":[{"name":"wp","href":"https:\/\/api.w.org\/{rel}","templated":true}]}}