{"id":1328,"date":"2021-11-05T08:31:24","date_gmt":"2021-11-05T07:31:24","guid":{"rendered":"http:\/\/biotopik.org\/?page_id=1328"},"modified":"2022-02-24T13:11:46","modified_gmt":"2022-02-24T12:11:46","slug":"les-ateliers","status":"publish","type":"page","link":"https:\/\/biotopik.org\/index.php\/les-ateliers\/","title":{"rendered":"Les ateliers"},"content":{"rendered":"\t\t<div data-elementor-type=\"wp-page\" data-elementor-id=\"1328\" class=\"elementor elementor-1328\" data-elementor-settings=\"[]\">\n\t\t\t\t\t\t\t<div class=\"elementor-section-wrap\">\n\t\t\t\t\t\t\t<section class=\"elementor-section elementor-top-section elementor-element elementor-element-5a2b9ec elementor-section-boxed elementor-section-height-default elementor-section-height-default\" data-id=\"5a2b9ec\" data-element_type=\"section\">\n\t\t\t\t\t\t\t<div class=\"elementor-background-overlay\"><\/div>\n\t\t\t\t\t\t\t<div class=\"elementor-container elementor-column-gap-default\">\n\t\t\t\t\t<div class=\"elementor-column elementor-col-100 elementor-top-column elementor-element elementor-element-e4b58a2\" data-id=\"e4b58a2\" data-element_type=\"column\">\n\t\t\t<div class=\"elementor-widget-wrap elementor-element-populated\">\n\t\t\t\t\t\t\t\t<div class=\"elementor-element elementor-element-2fce5b5 elementor-widget elementor-widget-text-editor\" data-id=\"2fce5b5\" data-element_type=\"widget\" data-widget_type=\"text-editor.default\">\n\t\t\t\t<div class=\"elementor-widget-container\">\n\t\t\t\t\t\t\t<p>Exp\u00e9rimenter, co-construire et se transformer ensemble : c&#8217;est notre proposition de valeur.<\/p>\t\t\t\t\t\t<\/div>\n\t\t\t\t<\/div>\n\t\t\t\t\t<\/div>\n\t\t<\/div>\n\t\t\t\t\t\t\t<\/div>\n\t\t<\/section>\n\t\t\t\t<section class=\"elementor-section elementor-top-section elementor-element elementor-element-9f6a7bb elementor-section-boxed elementor-section-height-default elementor-section-height-default\" data-id=\"9f6a7bb\" data-element_type=\"section\">\n\t\t\t\t\t\t\t<div class=\"elementor-background-overlay\"><\/div>\n\t\t\t\t\t\t\t<div class=\"elementor-container elementor-column-gap-default\">\n\t\t\t\t\t<div class=\"elementor-column elementor-col-100 elementor-top-column elementor-element elementor-element-cced4a7\" data-id=\"cced4a7\" data-element_type=\"column\">\n\t\t\t<div class=\"elementor-widget-wrap elementor-element-populated\">\n\t\t\t\t\t\t\t\t<div class=\"elementor-element elementor-element-0f52cd9 elementor-widget elementor-widget-spacer\" data-id=\"0f52cd9\" data-element_type=\"widget\" data-widget_type=\"spacer.default\">\n\t\t\t\t<div class=\"elementor-widget-container\">\n\t\t\t\t\t<div class=\"elementor-spacer\">\n\t\t\t<div class=\"elementor-spacer-inner\"><\/div>\n\t\t<\/div>\n\t\t\t\t<\/div>\n\t\t\t\t<\/div>\n\t\t\t\t<div class=\"elementor-element elementor-element-cd3aa32 elementor-widget elementor-widget-heading\" data-id=\"cd3aa32\" data-element_type=\"widget\" data-widget_type=\"heading.default\">\n\t\t\t\t<div class=\"elementor-widget-container\">\n\t\t\t<h2 class=\"elementor-heading-title elementor-size-default\">Les ATELIERS, comment \u00e7a se passe ?<\/h2>\t\t<\/div>\n\t\t\t\t<\/div>\n\t\t\t\t<div class=\"elementor-element elementor-element-8bc0d45 elementor-widget elementor-widget-spacer\" data-id=\"8bc0d45\" data-element_type=\"widget\" data-widget_type=\"spacer.default\">\n\t\t\t\t<div class=\"elementor-widget-container\">\n\t\t\t\t\t<div class=\"elementor-spacer\">\n\t\t\t<div class=\"elementor-spacer-inner\"><\/div>\n\t\t<\/div>\n\t\t\t\t<\/div>\n\t\t\t\t<\/div>\n\t\t\t\t\t<\/div>\n\t\t<\/div>\n\t\t\t\t\t\t\t<\/div>\n\t\t<\/section>\n\t\t\t\t<section class=\"elementor-section elementor-top-section elementor-element elementor-element-b5ec83f elementor-section-boxed elementor-section-height-default elementor-section-height-default\" data-id=\"b5ec83f\" data-element_type=\"section\">\n\t\t\t\t\t\t\t<div class=\"elementor-background-overlay\"><\/div>\n\t\t\t\t\t\t\t<div class=\"elementor-container elementor-column-gap-default\">\n\t\t\t\t\t<div class=\"elementor-column elementor-col-100 elementor-top-column elementor-element elementor-element-be19fc2\" data-id=\"be19fc2\" data-element_type=\"column\">\n\t\t\t<div class=\"elementor-widget-wrap elementor-element-populated\">\n\t\t\t\t\t\t\t\t<div class=\"elementor-element elementor-element-3981426 elementor-widget elementor-widget-text-editor\" data-id=\"3981426\" data-element_type=\"widget\" data-widget_type=\"text-editor.default\">\n\t\t\t\t<div class=\"elementor-widget-container\">\n\t\t\t\t\t\t\t<p><span style=\"color: var( --e-global-color-text ); font-family: var( --e-global-typography-text-font-family ), Sans-serif; font-weight: var( --e-global-typography-text-font-weight );\">Nous vous proposons un CADRE et un CHEMIN pour faire \u00e9merger les \u00e9l\u00e9ments que vous souhaitez approfondir, enrichir, d\u00e9bloquer dans votre collectif. Les ateliers participatifs sont au coeur de cette d\u00e9marche. Nous adaptons ensuite les formats, le s\u00e9quencement et les points d&#8217;\u00e9tape en fonction de votre besoin et le revoyons r\u00e9guli\u00e8rement dans le temps. Nous ne pourrions pas vous d\u00e9rouler un atelier type hors contexte, mais plut\u00f4t les quelques <\/span><u style=\"color: var( --e-global-color-text ); font-family: var( --e-global-typography-text-font-family ), Sans-serif; font-weight: var( --e-global-typography-text-font-weight );\">disciplines <\/u><span style=\"color: var( --e-global-color-text ); font-family: var( --e-global-typography-text-font-family ), Sans-serif; font-weight: var( --e-global-typography-text-font-weight );\">et m\u00e9thodologies et <\/span><u style=\"color: var( --e-global-color-text ); font-family: var( --e-global-typography-text-font-family ), Sans-serif; font-weight: var( --e-global-typography-text-font-weight );\">outils <\/u><span style=\"color: var( --e-global-color-text ); font-family: var( --e-global-typography-text-font-family ), Sans-serif; font-weight: var( --e-global-typography-text-font-weight );\">utilis\u00e9s pour vous montrer le panel des solutions mobilisables pour VOTRE probl\u00e9matique sp\u00e9cifique.\u00a0<\/span><\/p>\t\t\t\t\t\t<\/div>\n\t\t\t\t<\/div>\n\t\t\t\t\t<\/div>\n\t\t<\/div>\n\t\t\t\t\t\t\t<\/div>\n\t\t<\/section>\n\t\t\t\t<section class=\"elementor-section elementor-top-section elementor-element elementor-element-f5f90ea elementor-section-boxed elementor-section-height-default elementor-section-height-default\" data-id=\"f5f90ea\" data-element_type=\"section\">\n\t\t\t\t\t\t\t<div class=\"elementor-background-overlay\"><\/div>\n\t\t\t\t\t\t\t<div class=\"elementor-container elementor-column-gap-default\">\n\t\t\t\t\t<div class=\"elementor-column elementor-col-50 elementor-top-column elementor-element elementor-element-088cd04\" data-id=\"088cd04\" data-element_type=\"column\">\n\t\t\t<div class=\"elementor-widget-wrap elementor-element-populated\">\n\t\t\t\t\t\t\t\t<div class=\"elementor-element elementor-element-b94120a elementor-widget elementor-widget-heading\" data-id=\"b94120a\" data-element_type=\"widget\" data-widget_type=\"heading.default\">\n\t\t\t\t<div class=\"elementor-widget-container\">\n\t\t\t<h3 class=\"elementor-heading-title elementor-size-default\">Les Objectifs<\/h3>\t\t<\/div>\n\t\t\t\t<\/div>\n\t\t\t\t<div class=\"elementor-element elementor-element-d81e46d elementor-widget elementor-widget-text-editor\" data-id=\"d81e46d\" data-element_type=\"widget\" data-widget_type=\"text-editor.default\">\n\t\t\t\t<div class=\"elementor-widget-container\">\n\t\t\t\t\t\t\t<ul><li>Poursuivre ou initier un dialogue apais\u00e9 et constructif entre tous les acteurs d&#8217;un projet ou d&#8217;une probl\u00e9matique ;<\/li><li>Vous accompagner dans les \u00e9tapes cl\u00e9 de vos transformations ;<\/li><li>Structurer des outils d&#8217;accompagnement adapt\u00e9s permettant au commanditaire et au collectif de recueillir un mat\u00e9riau (fond et forme) exploitable pour r\u00e9fl\u00e9chir aux freins et leviers de l&#8217;accompagnement \u00e0 l&#8217;action ;<\/li><li>Apporter un appui m\u00e9thodologique et un cadre s\u00e9curisant aux participants, les laisser d\u00e9cider et les accompagner dans leurs souhaits d\u2019action.<\/li><\/ul>\t\t\t\t\t\t<\/div>\n\t\t\t\t<\/div>\n\t\t\t\t\t<\/div>\n\t\t<\/div>\n\t\t\t\t<div class=\"elementor-column elementor-col-50 elementor-top-column elementor-element elementor-element-2ad9150\" data-id=\"2ad9150\" data-element_type=\"column\">\n\t\t\t<div class=\"elementor-widget-wrap elementor-element-populated\">\n\t\t\t\t\t\t\t\t<div class=\"elementor-element elementor-element-a16a19a elementor-widget elementor-widget-image\" data-id=\"a16a19a\" data-element_type=\"widget\" data-widget_type=\"image.default\">\n\t\t\t\t<div class=\"elementor-widget-container\">\n\t\t\t\t\t\t\t\t\t\t\t\t\t\t\t<img decoding=\"async\" loading=\"lazy\" width=\"640\" height=\"480\" src=\"https:\/\/biotopik.org\/wp-content\/uploads\/2021\/10\/paysage-arbre-montagne-1-comp.jpg\" class=\"attachment-large size-large\" alt=\"\" srcset=\"https:\/\/biotopik.org\/wp-content\/uploads\/2021\/10\/paysage-arbre-montagne-1-comp.jpg 1000w, https:\/\/biotopik.org\/wp-content\/uploads\/2021\/10\/paysage-arbre-montagne-1-comp-300x225.jpg 300w, https:\/\/biotopik.org\/wp-content\/uploads\/2021\/10\/paysage-arbre-montagne-1-comp-768x576.jpg 768w, https:\/\/biotopik.org\/wp-content\/uploads\/2021\/10\/paysage-arbre-montagne-1-comp-580x436.jpg 580w\" sizes=\"(max-width: 640px) 100vw, 640px\" \/>\t\t\t\t\t\t\t\t\t\t\t\t\t\t\t<\/div>\n\t\t\t\t<\/div>\n\t\t\t\t\t<\/div>\n\t\t<\/div>\n\t\t\t\t\t\t\t<\/div>\n\t\t<\/section>\n\t\t\t\t<section class=\"elementor-section elementor-top-section elementor-element elementor-element-766baee elementor-section-boxed elementor-section-height-default elementor-section-height-default\" data-id=\"766baee\" data-element_type=\"section\">\n\t\t\t\t\t\t\t<div class=\"elementor-background-overlay\"><\/div>\n\t\t\t\t\t\t\t<div class=\"elementor-container elementor-column-gap-default\">\n\t\t\t\t\t<div class=\"elementor-column elementor-col-50 elementor-top-column elementor-element elementor-element-097b2b3\" data-id=\"097b2b3\" data-element_type=\"column\">\n\t\t\t<div class=\"elementor-widget-wrap elementor-element-populated\">\n\t\t\t\t\t\t\t\t<div class=\"elementor-element elementor-element-215d2a9 elementor-widget elementor-widget-image\" data-id=\"215d2a9\" data-element_type=\"widget\" data-widget_type=\"image.default\">\n\t\t\t\t<div class=\"elementor-widget-container\">\n\t\t\t\t\t\t\t\t\t\t\t\t\t\t\t<img decoding=\"async\" loading=\"lazy\" width=\"640\" height=\"480\" src=\"https:\/\/biotopik.org\/wp-content\/uploads\/2021\/11\/moi.jpg\" class=\"attachment-large size-large\" alt=\"\" srcset=\"https:\/\/biotopik.org\/wp-content\/uploads\/2021\/11\/moi.jpg 640w, https:\/\/biotopik.org\/wp-content\/uploads\/2021\/11\/moi-300x225.jpg 300w, https:\/\/biotopik.org\/wp-content\/uploads\/2021\/11\/moi-580x436.jpg 580w\" sizes=\"(max-width: 640px) 100vw, 640px\" \/>\t\t\t\t\t\t\t\t\t\t\t\t\t\t\t<\/div>\n\t\t\t\t<\/div>\n\t\t\t\t\t<\/div>\n\t\t<\/div>\n\t\t\t\t<div class=\"elementor-column elementor-col-50 elementor-top-column elementor-element elementor-element-0c732bc\" data-id=\"0c732bc\" data-element_type=\"column\">\n\t\t\t<div class=\"elementor-widget-wrap elementor-element-populated\">\n\t\t\t\t\t\t\t\t<div class=\"elementor-element elementor-element-58e2208 elementor-widget elementor-widget-heading\" data-id=\"58e2208\" data-element_type=\"widget\" data-widget_type=\"heading.default\">\n\t\t\t\t<div class=\"elementor-widget-container\">\n\t\t\t<h3 class=\"elementor-heading-title elementor-size-default\">Notre Action<\/h3>\t\t<\/div>\n\t\t\t\t<\/div>\n\t\t\t\t<div class=\"elementor-element elementor-element-b0e9505 elementor-widget elementor-widget-text-editor\" data-id=\"b0e9505\" data-element_type=\"widget\" data-widget_type=\"text-editor.default\">\n\t\t\t\t<div class=\"elementor-widget-container\">\n\t\t\t\t\t\t\t<ul><li>un accompagnement sur-mesure : intervention ponctuelle ou r\u00e9currente, nous d\u00e9cidons ensemble.<\/li><li>une co-construction : \u00e0 chaque \u00e9tape nous vous sollicitons pour v\u00e9rifier l&#8217;alignement \u00e0 vos besoins<\/li><li>nous prenons le temps de la compr\u00e9hension des enjeux et des besoins, des contraintes et des leviers;<\/li><li>une participation maximale : formats ludiques, inclusifs et privil\u00e9giant une posture active &#8211; mouvement et pollinisation<\/li><li>des lieux de co-construction adapt\u00e9s, neutres et conviviaux.<\/li><li>la convivialit\u00e9.<\/li><\/ul>\t\t\t\t\t\t<\/div>\n\t\t\t\t<\/div>\n\t\t\t\t\t<\/div>\n\t\t<\/div>\n\t\t\t\t\t\t\t<\/div>\n\t\t<\/section>\n\t\t\t\t<section class=\"elementor-section elementor-top-section elementor-element elementor-element-c24e058 elementor-section-boxed elementor-section-height-default elementor-section-height-default\" data-id=\"c24e058\" data-element_type=\"section\">\n\t\t\t\t\t\t\t<div class=\"elementor-background-overlay\"><\/div>\n\t\t\t\t\t\t\t<div class=\"elementor-container elementor-column-gap-default\">\n\t\t\t\t\t<div class=\"elementor-column elementor-col-100 elementor-top-column elementor-element elementor-element-fab3c24\" data-id=\"fab3c24\" data-element_type=\"column\">\n\t\t\t<div class=\"elementor-widget-wrap elementor-element-populated\">\n\t\t\t\t\t\t\t\t<div class=\"elementor-element elementor-element-f5d8522 elementor-widget elementor-widget-text-editor\" data-id=\"f5d8522\" data-element_type=\"widget\" data-widget_type=\"text-editor.default\">\n\t\t\t\t<div class=\"elementor-widget-container\">\n\t\t\t\t\t\t\t<p><b>Un process en 3 \u00e9tapes :&nbsp;<\/b>Le seul intangible de la m\u00e9thode<\/p>\t\t\t\t\t\t<\/div>\n\t\t\t\t<\/div>\n\t\t\t\t\t<\/div>\n\t\t<\/div>\n\t\t\t\t\t\t\t<\/div>\n\t\t<\/section>\n\t\t\t\t<section class=\"elementor-section elementor-top-section elementor-element elementor-element-b0ad053 elementor-section-boxed elementor-section-height-default elementor-section-height-default\" data-id=\"b0ad053\" data-element_type=\"section\">\n\t\t\t\t\t\t\t<div class=\"elementor-background-overlay\"><\/div>\n\t\t\t\t\t\t\t<div class=\"elementor-container elementor-column-gap-default\">\n\t\t\t\t\t<div class=\"elementor-column elementor-col-33 elementor-top-column elementor-element elementor-element-9cf4a74\" data-id=\"9cf4a74\" data-element_type=\"column\" data-settings=\"{&quot;background_background&quot;:&quot;classic&quot;}\">\n\t\t\t<div class=\"elementor-widget-wrap elementor-element-populated\">\n\t\t\t\t\t\t\t\t<div class=\"elementor-element elementor-element-3b81084 elementor-widget elementor-widget-spacer\" data-id=\"3b81084\" data-element_type=\"widget\" data-widget_type=\"spacer.default\">\n\t\t\t\t<div class=\"elementor-widget-container\">\n\t\t\t\t\t<div class=\"elementor-spacer\">\n\t\t\t<div class=\"elementor-spacer-inner\"><\/div>\n\t\t<\/div>\n\t\t\t\t<\/div>\n\t\t\t\t<\/div>\n\t\t\t\t<div class=\"elementor-element elementor-element-86fb8a0 elementor-widget elementor-widget-htmega-service-addons\" data-id=\"86fb8a0\" data-element_type=\"widget\" data-widget_type=\"htmega-service-addons.default\">\n\t\t\t\t<div class=\"elementor-widget-container\">\n\t\t\t            <div class=\"htmega-service htmega-service-style-2\" >\n                <a href=\"https:\/\/biotopik.org\/index.php\/design-de-lintervention\/\"><div class=\"icon\"><i aria-hidden=\"true\" class=\"fas fa-draw-polygon\"><\/i><\/div><\/a>                <div class=\"content\">\n                    <h4 class=\"service-title\"><a href=\" https:\/\/biotopik.org\/index.php\/design-de-lintervention\/ \">Le Design de l'intervention<\/a><\/h4><p>ou l&#039;exploration de vos besoins<\/p>                <\/div>\n            <\/div>\n\n        \t\t<\/div>\n\t\t\t\t<\/div>\n\t\t\t\t\t<\/div>\n\t\t<\/div>\n\t\t\t\t<div class=\"elementor-column elementor-col-33 elementor-top-column elementor-element elementor-element-2db623c\" data-id=\"2db623c\" data-element_type=\"column\">\n\t\t\t<div class=\"elementor-widget-wrap elementor-element-populated\">\n\t\t\t\t\t\t\t\t<div class=\"elementor-element elementor-element-df4aca1 elementor-widget elementor-widget-spacer\" data-id=\"df4aca1\" data-element_type=\"widget\" data-widget_type=\"spacer.default\">\n\t\t\t\t<div class=\"elementor-widget-container\">\n\t\t\t\t\t<div class=\"elementor-spacer\">\n\t\t\t<div class=\"elementor-spacer-inner\"><\/div>\n\t\t<\/div>\n\t\t\t\t<\/div>\n\t\t\t\t<\/div>\n\t\t\t\t<div class=\"elementor-element elementor-element-c64eb57 elementor-widget elementor-widget-htmega-service-addons\" data-id=\"c64eb57\" data-element_type=\"widget\" data-widget_type=\"htmega-service-addons.default\">\n\t\t\t\t<div class=\"elementor-widget-container\">\n\t\t\t            <div class=\"htmega-service htmega-service-style-2\" >\n                <a href=\"https:\/\/biotopik.org\/index.php\/les-ateliers-participatifs\/\"><div class=\"icon\"><i aria-hidden=\"true\" class=\"fas fa-american-sign-language-interpreting\"><\/i><\/div><\/a>                <div class=\"content\">\n                    <h4 class=\"service-title\"><a href=\" https:\/\/biotopik.org\/index.php\/les-ateliers-participatifs\/ \">Ateliers en Intelligence collective<\/a><\/h4><p>ou co-construire<\/p>                <\/div>\n            <\/div>\n\n        \t\t<\/div>\n\t\t\t\t<\/div>\n\t\t\t\t\t<\/div>\n\t\t<\/div>\n\t\t\t\t<div class=\"elementor-column elementor-col-33 elementor-top-column elementor-element elementor-element-5fb22e1\" data-id=\"5fb22e1\" data-element_type=\"column\" data-settings=\"{&quot;background_background&quot;:&quot;classic&quot;}\">\n\t\t\t<div class=\"elementor-widget-wrap elementor-element-populated\">\n\t\t\t\t\t\t\t\t<div class=\"elementor-element elementor-element-f99d7a3 elementor-widget elementor-widget-spacer\" data-id=\"f99d7a3\" data-element_type=\"widget\" data-widget_type=\"spacer.default\">\n\t\t\t\t<div class=\"elementor-widget-container\">\n\t\t\t\t\t<div class=\"elementor-spacer\">\n\t\t\t<div class=\"elementor-spacer-inner\"><\/div>\n\t\t<\/div>\n\t\t\t\t<\/div>\n\t\t\t\t<\/div>\n\t\t\t\t<div class=\"elementor-element elementor-element-ad09ecc elementor-widget elementor-widget-htmega-service-addons\" data-id=\"ad09ecc\" data-element_type=\"widget\" data-widget_type=\"htmega-service-addons.default\">\n\t\t\t\t<div class=\"elementor-widget-container\">\n\t\t\t            <div class=\"htmega-service htmega-service-style-2\" >\n                <a href=\"https:\/\/biotopik.org\/index.php\/les-livrables\/\"><div class=\"icon\"><i aria-hidden=\"true\" class=\"fas fa-book-open\"><\/i><\/div><\/a>                <div class=\"content\">\n                    <h4 class=\"service-title\"><a href=\" https:\/\/biotopik.org\/index.php\/les-livrables\/ \">Les Livrables<\/a><\/h4><p>ou la production collective<\/p>                <\/div>\n            <\/div>\n\n        \t\t<\/div>\n\t\t\t\t<\/div>\n\t\t\t\t\t<\/div>\n\t\t<\/div>\n\t\t\t\t\t\t\t<\/div>\n\t\t<\/section>\n\t\t\t\t\t\t<\/div>\n\t\t\t\t\t<\/div>\n\t\t","protected":false},"excerpt":{"rendered":"<p>Exp\u00e9rimenter, co-construire et se transformer ensemble : c&#8217;est notre proposition de valeur. Les ATELIERS, comment \u00e7a se passe ? Nous vous proposons un CADRE et un CHEMIN pour faire \u00e9merger les \u00e9l\u00e9ments que vous souhaitez approfondir, enrichir, d\u00e9bloquer dans votre collectif. Les ateliers participatifs sont au coeur de cette d\u00e9marche. Nous adaptons ensuite les formats, [&hellip;]<\/p>\n","protected":false},"author":1,"featured_media":0,"parent":0,"menu_order":0,"comment_status":"closed","ping_status":"closed","template":"","meta":{"_monsterinsights_skip_tracking":false,"_monsterinsights_sitenote_active":false,"_monsterinsights_sitenote_note":"","_monsterinsights_sitenote_category":0,"footnotes":""},"_links":{"self":[{"href":"https:\/\/biotopik.org\/index.php\/wp-json\/wp\/v2\/pages\/1328"}],"collection":[{"href":"https:\/\/biotopik.org\/index.php\/wp-json\/wp\/v2\/pages"}],"about":[{"href":"https:\/\/biotopik.org\/index.php\/wp-json\/wp\/v2\/types\/page"}],"author":[{"embeddable":true,"href":"https:\/\/biotopik.org\/index.php\/wp-json\/wp\/v2\/users\/1"}],"replies":[{"embeddable":true,"href":"https:\/\/biotopik.org\/index.php\/wp-json\/wp\/v2\/comments?post=1328"}],"version-history":[{"count":89,"href":"https:\/\/biotopik.org\/index.php\/wp-json\/wp\/v2\/pages\/1328\/revisions"}],"predecessor-version":[{"id":3434,"href":"https:\/\/biotopik.org\/index.php\/wp-json\/wp\/v2\/pages\/1328\/revisions\/3434"}],"wp:attachment":[{"href":"https:\/\/biotopik.org\/index.php\/wp-json\/wp\/v2\/media?parent=1328"}],"curies":[{"name":"wp","href":"https:\/\/api.w.org\/{rel}","templated":true}]}}