{"id":1568,"date":"2021-11-10T19:23:29","date_gmt":"2021-11-10T18:23:29","guid":{"rendered":"https:\/\/biotopik.org\/?page_id=1568"},"modified":"2022-02-24T13:49:22","modified_gmt":"2022-02-24T12:49:22","slug":"que-cache-biotopik","status":"publish","type":"page","link":"https:\/\/biotopik.org\/index.php\/que-cache-biotopik\/","title":{"rendered":"que cache Biotopik"},"content":{"rendered":"\t\t<div data-elementor-type=\"wp-page\" data-elementor-id=\"1568\" class=\"elementor elementor-1568\" data-elementor-settings=\"[]\">\n\t\t\t\t\t\t\t<div class=\"elementor-section-wrap\">\n\t\t\t\t\t\t\t<section class=\"elementor-section elementor-top-section elementor-element elementor-element-dc787e1 elementor-section-boxed elementor-section-height-default elementor-section-height-default\" data-id=\"dc787e1\" data-element_type=\"section\">\n\t\t\t\t\t\t\t<div class=\"elementor-background-overlay\"><\/div>\n\t\t\t\t\t\t\t<div class=\"elementor-container elementor-column-gap-default\">\n\t\t\t\t\t<div class=\"elementor-column elementor-col-100 elementor-top-column elementor-element elementor-element-aa4a3e1\" data-id=\"aa4a3e1\" data-element_type=\"column\">\n\t\t\t<div class=\"elementor-widget-wrap elementor-element-populated\">\n\t\t\t\t\t\t\t\t<div class=\"elementor-element elementor-element-9eab3c5 elementor-widget elementor-widget-text-editor\" data-id=\"9eab3c5\" data-element_type=\"widget\" data-widget_type=\"text-editor.default\">\n\t\t\t\t<div class=\"elementor-widget-container\">\n\t\t\t\t\t\t\t<p>Un mot peut en cacher&#8230; tant d&#8217;autres !<\/p>\t\t\t\t\t\t<\/div>\n\t\t\t\t<\/div>\n\t\t\t\t\t<\/div>\n\t\t<\/div>\n\t\t\t\t\t\t\t<\/div>\n\t\t<\/section>\n\t\t\t\t<section class=\"elementor-section elementor-top-section elementor-element elementor-element-199c5c4 elementor-section-boxed elementor-section-height-default elementor-section-height-default\" data-id=\"199c5c4\" data-element_type=\"section\">\n\t\t\t\t\t\t\t<div class=\"elementor-background-overlay\"><\/div>\n\t\t\t\t\t\t\t<div class=\"elementor-container elementor-column-gap-default\">\n\t\t\t\t\t<div class=\"elementor-column elementor-col-100 elementor-top-column elementor-element elementor-element-7a436c6\" data-id=\"7a436c6\" data-element_type=\"column\">\n\t\t\t<div class=\"elementor-widget-wrap elementor-element-populated\">\n\t\t\t\t\t\t\t\t<div class=\"elementor-element elementor-element-fc2984d elementor-widget elementor-widget-spacer\" data-id=\"fc2984d\" data-element_type=\"widget\" data-widget_type=\"spacer.default\">\n\t\t\t\t<div class=\"elementor-widget-container\">\n\t\t\t\t\t<div class=\"elementor-spacer\">\n\t\t\t<div class=\"elementor-spacer-inner\"><\/div>\n\t\t<\/div>\n\t\t\t\t<\/div>\n\t\t\t\t<\/div>\n\t\t\t\t<div class=\"elementor-element elementor-element-ee6c8c7 elementor-widget elementor-widget-text-editor\" data-id=\"ee6c8c7\" data-element_type=\"widget\" data-widget_type=\"text-editor.default\">\n\t\t\t\t<div class=\"elementor-widget-container\">\n\t\t\t\t\t\t\t<p>Diss\u00e9quons &#8220;Biotopik&#8221; pour comprendre&#8230;<\/p>\t\t\t\t\t\t<\/div>\n\t\t\t\t<\/div>\n\t\t\t\t\t<\/div>\n\t\t<\/div>\n\t\t\t\t\t\t\t<\/div>\n\t\t<\/section>\n\t\t\t\t<section class=\"elementor-section elementor-top-section elementor-element elementor-element-abec0dd elementor-section-boxed elementor-section-height-default elementor-section-height-default\" data-id=\"abec0dd\" data-element_type=\"section\" data-settings=\"{&quot;background_background&quot;:&quot;classic&quot;}\">\n\t\t\t\t\t\t\t<div class=\"elementor-background-overlay\"><\/div>\n\t\t\t\t\t\t\t<div class=\"elementor-container elementor-column-gap-default\">\n\t\t\t\t\t<div class=\"elementor-column elementor-col-50 elementor-top-column elementor-element elementor-element-b089636\" data-id=\"b089636\" data-element_type=\"column\">\n\t\t\t<div class=\"elementor-widget-wrap elementor-element-populated\">\n\t\t\t\t\t\t\t\t<div class=\"elementor-element elementor-element-c53dd89 elementor-widget elementor-widget-image\" data-id=\"c53dd89\" data-element_type=\"widget\" data-widget_type=\"image.default\">\n\t\t\t\t<div class=\"elementor-widget-container\">\n\t\t\t\t\t\t\t\t\t\t\t\t\t\t\t<img decoding=\"async\" loading=\"lazy\" width=\"640\" height=\"406\" src=\"https:\/\/biotopik.org\/wp-content\/uploads\/2021\/11\/schema-biotopik.png\" class=\"attachment-large size-large\" alt=\"\" srcset=\"https:\/\/biotopik.org\/wp-content\/uploads\/2021\/11\/schema-biotopik.png 707w, https:\/\/biotopik.org\/wp-content\/uploads\/2021\/11\/schema-biotopik-300x190.png 300w\" sizes=\"(max-width: 640px) 100vw, 640px\" \/>\t\t\t\t\t\t\t\t\t\t\t\t\t\t\t<\/div>\n\t\t\t\t<\/div>\n\t\t\t\t\t<\/div>\n\t\t<\/div>\n\t\t\t\t<div class=\"elementor-column elementor-col-50 elementor-top-column elementor-element elementor-element-f1cd73d\" data-id=\"f1cd73d\" data-element_type=\"column\" data-settings=\"{&quot;background_background&quot;:&quot;classic&quot;}\">\n\t\t\t<div class=\"elementor-widget-wrap elementor-element-populated\">\n\t\t\t\t\t\t\t\t<div class=\"elementor-element elementor-element-77fe285 elementor-widget elementor-widget-htmega-accordion-addons\" data-id=\"77fe285\" data-element_type=\"widget\" data-widget_type=\"htmega-accordion-addons.default\">\n\t\t\t\t<div class=\"elementor-widget-container\">\n\t\t\t<div class=\"accordion\" id=\"accordionExample77fe285\">                            <div class=\"single_accourdion htmega-icon-align-right\">\n\n                                <div class=\"htmega-accourdion-title\">\n                                    <h3 data-toggle=\"htbcollapse\" data-target=\"#htmega-collapse177fe285\" class=\"htb-collapsed htmega-items-hedding\">BIO <span class=\"accourdion-icon close-accourdion\"><i aria-hidden=\"true\" class=\"fas fa-minus\"><\/i><\/span><span class=\"accourdion-icon open-accourdion\"><i aria-hidden=\"true\" class=\"fas fa-plus\"><\/i><\/span><\/h3>                                <\/div>\n\n                                <div id=\"htmega-collapse177fe285\" class=\"htb-collapse \" data-parent=\"#accordionExample77fe285\" >\n                                    <div class=\"accordion-content\">\n                                        <p>nous aspirons \u00e0 vous faire naviguer (d\u2019autres disent danser) avec le Vivant, y inclure vos projets, vos actes... et les n\u00f4tres ! L'inspiration des peuples racines \/ la relation des Hommes au Vivant, \u00e0 la Terre (entre ethnologie et biologie, compr\u00e9hension du vivant) ;<\/p>                                    <\/div>\n                                <\/div>\n\n                            <\/div>\n\n                                                    <div class=\"single_accourdion htmega-icon-align-right\">\n\n                                <div class=\"htmega-accourdion-title\">\n                                    <h3 data-toggle=\"htbcollapse\" data-target=\"#htmega-collapse277fe285\" class=\"htb-collapsed htmega-items-hedding\">BEAUTY (bioty) <span class=\"accourdion-icon close-accourdion\"><i aria-hidden=\"true\" class=\"fas fa-minus\"><\/i><\/span><span class=\"accourdion-icon open-accourdion\"><i aria-hidden=\"true\" class=\"fas fa-plus\"><\/i><\/span><\/h3>                                <\/div>\n\n                                <div id=\"htmega-collapse277fe285\" class=\"htb-collapse \" data-parent=\"#accordionExample77fe285\" >\n                                    <div class=\"accordion-content\">\n                                        <p>pour beauty\/\u00e9 : nous voulons r\u00e9habiliter le Beau et l\u2019\u00e9merveillement, l\u2019\u00e9l\u00e9gance comme guides de nos actions ;<\/p>                                    <\/div>\n                                <\/div>\n\n                            <\/div>\n\n                                                    <div class=\"single_accourdion htmega-icon-align-right\">\n\n                                <div class=\"htmega-accourdion-title\">\n                                    <h3 data-toggle=\"htbcollapse\" data-target=\"#htmega-collapse377fe285\" class=\"htb-collapsed htmega-items-hedding\">TOPOS <span class=\"accourdion-icon close-accourdion\"><i aria-hidden=\"true\" class=\"fas fa-minus\"><\/i><\/span><span class=\"accourdion-icon open-accourdion\"><i aria-hidden=\"true\" class=\"fas fa-plus\"><\/i><\/span><\/h3>                                <\/div>\n\n                                <div id=\"htmega-collapse377fe285\" class=\"htb-collapse \" data-parent=\"#accordionExample77fe285\" >\n                                    <div class=\"accordion-content\">\n                                        <p>Les lieux nous font autant que nous les faisons - lieux de cr\u00e9ation, lieux d'\u00e9changes, lieux de passage, lieux de vie, lieux-dits, lieux communs ! Des lieux qui nous fa\u00e7onnent (maisons de famille, maisons de vacances, un arbre, une cabane, une tente, un caf\u00e9, une colline, une cave ou un atelier). Les territoires, leur vocation, leur am\u00e9nagement autant que leur m\u00e9nagement en fonction des attentes des habitants et des visiteurs. Biotopik se veut un r\u00e9v\u00e9lateur des attentes du territoire, de ses probl\u00e9matiques r\u00e9elles, \u00e0 un instant t. Prendre le temps de respecter les lieux, sans leur imposer un projet, en le consid\u00e9rant dans toutes ses composantes (biologiques, animales, v\u00e9g\u00e9tales, soci\u00e9tales\u2026) =&gt; impulser un changement de pratiques dans l'am\u00e9nagement du territoire.<\/p>                                    <\/div>\n                                <\/div>\n\n                            <\/div>\n\n                                                    <div class=\"single_accourdion htmega-icon-align-right\">\n\n                                <div class=\"htmega-accourdion-title\">\n                                    <h3 data-toggle=\"htbcollapse\" data-target=\"#htmega-collapse477fe285\" class=\"htb-collapsed htmega-items-hedding\">UTOPIE <span class=\"accourdion-icon close-accourdion\"><i aria-hidden=\"true\" class=\"fas fa-minus\"><\/i><\/span><span class=\"accourdion-icon open-accourdion\"><i aria-hidden=\"true\" class=\"fas fa-plus\"><\/i><\/span><\/h3>                                <\/div>\n\n                                <div id=\"htmega-collapse477fe285\" class=\"htb-collapse \" data-parent=\"#accordionExample77fe285\" >\n                                    <div class=\"accordion-content\">\n                                        <p>notre capacit\u00e9 ensemble \u00e0 r\u00e9inventer nos fa\u00e7ons de vivre nos territoires, s\u2019autoriser \u00e0 r\u00eaver ensemble. L\u2019utopie est un point de d\u00e9part \u00e0 l'action, pas un point d\u2019arriv\u00e9e !<\/p>                                    <\/div>\n                                <\/div>\n\n                            <\/div>\n\n                        <\/div>\t\t<\/div>\n\t\t\t\t<\/div>\n\t\t\t\t\t<\/div>\n\t\t<\/div>\n\t\t\t\t\t\t\t<\/div>\n\t\t<\/section>\n\t\t\t\t<section class=\"elementor-section elementor-top-section elementor-element elementor-element-4cb4d4f elementor-section-boxed elementor-section-height-default elementor-section-height-default\" data-id=\"4cb4d4f\" data-element_type=\"section\">\n\t\t\t\t\t\t<div class=\"elementor-container elementor-column-gap-default\">\n\t\t\t\t\t<div class=\"elementor-column elementor-col-33 elementor-top-column elementor-element elementor-element-ad387a8\" data-id=\"ad387a8\" data-element_type=\"column\">\n\t\t\t<div class=\"elementor-widget-wrap elementor-element-populated\">\n\t\t\t\t\t\t\t\t<div class=\"elementor-element elementor-element-b9a2412 elementor-widget elementor-widget-spacer\" data-id=\"b9a2412\" data-element_type=\"widget\" data-widget_type=\"spacer.default\">\n\t\t\t\t<div class=\"elementor-widget-container\">\n\t\t\t\t\t<div class=\"elementor-spacer\">\n\t\t\t<div class=\"elementor-spacer-inner\"><\/div>\n\t\t<\/div>\n\t\t\t\t<\/div>\n\t\t\t\t<\/div>\n\t\t\t\t<div class=\"elementor-element elementor-element-a2ba088 elementor-widget elementor-widget-htmega-service-addons\" data-id=\"a2ba088\" data-element_type=\"widget\" data-widget_type=\"htmega-service-addons.default\">\n\t\t\t\t<div class=\"elementor-widget-container\">\n\t\t\t            <div class=\"htmega-service htmega-service-style-2\" >\n                <a href=\"https:\/\/biotopik.org\/index.php\/le-projet\/\"><div class=\"icon\"><i aria-hidden=\"true\" class=\"fas fa-route\"><\/i><\/div><\/a>                <div class=\"content\">\n                    <h4 class=\"service-title\"><a href=\" https:\/\/biotopik.org\/index.php\/le-projet\/ \">Le projet<\/a><\/h4>                <\/div>\n            <\/div>\n\n        \t\t<\/div>\n\t\t\t\t<\/div>\n\t\t\t\t\t<\/div>\n\t\t<\/div>\n\t\t\t\t<div class=\"elementor-column elementor-col-33 elementor-top-column elementor-element elementor-element-0bf8aa0\" data-id=\"0bf8aa0\" data-element_type=\"column\">\n\t\t\t<div class=\"elementor-widget-wrap elementor-element-populated\">\n\t\t\t\t\t\t\t\t<div class=\"elementor-element elementor-element-12b3587 elementor-widget elementor-widget-spacer\" data-id=\"12b3587\" data-element_type=\"widget\" data-widget_type=\"spacer.default\">\n\t\t\t\t<div class=\"elementor-widget-container\">\n\t\t\t\t\t<div class=\"elementor-spacer\">\n\t\t\t<div class=\"elementor-spacer-inner\"><\/div>\n\t\t<\/div>\n\t\t\t\t<\/div>\n\t\t\t\t<\/div>\n\t\t\t\t<div class=\"elementor-element elementor-element-4282a1d elementor-widget elementor-widget-htmega-service-addons\" data-id=\"4282a1d\" data-element_type=\"widget\" data-widget_type=\"htmega-service-addons.default\">\n\t\t\t\t<div class=\"elementor-widget-container\">\n\t\t\t            <div class=\"htmega-service htmega-service-style-2\" >\n                <a href=\"https:\/\/biotopik.org\/index.php\/lintention\/\"><div class=\"icon\"><i aria-hidden=\"true\" class=\"fas fa-monument\"><\/i><\/div><\/a>                <div class=\"content\">\n                    <h4 class=\"service-title\"><a href=\" https:\/\/biotopik.org\/index.php\/lintention\/ \">L'intention... et l'utopie<\/a><\/h4><p>\n<\/p>                <\/div>\n            <\/div>\n\n        \t\t<\/div>\n\t\t\t\t<\/div>\n\t\t\t\t\t<\/div>\n\t\t<\/div>\n\t\t\t\t<div class=\"elementor-column elementor-col-33 elementor-top-column elementor-element elementor-element-bc4eefe\" data-id=\"bc4eefe\" data-element_type=\"column\">\n\t\t\t<div class=\"elementor-widget-wrap elementor-element-populated\">\n\t\t\t\t\t\t\t\t<div class=\"elementor-element elementor-element-cdcee6c elementor-widget elementor-widget-spacer\" data-id=\"cdcee6c\" data-element_type=\"widget\" data-widget_type=\"spacer.default\">\n\t\t\t\t<div class=\"elementor-widget-container\">\n\t\t\t\t\t<div class=\"elementor-spacer\">\n\t\t\t<div class=\"elementor-spacer-inner\"><\/div>\n\t\t<\/div>\n\t\t\t\t<\/div>\n\t\t\t\t<\/div>\n\t\t\t\t<div class=\"elementor-element elementor-element-974566d elementor-widget elementor-widget-htmega-service-addons\" data-id=\"974566d\" data-element_type=\"widget\" data-widget_type=\"htmega-service-addons.default\">\n\t\t\t\t<div class=\"elementor-widget-container\">\n\t\t\t            <div class=\"htmega-service htmega-service-style-2\" >\n                <a href=\"https:\/\/biotopik.org\/index.php\/valeurs-et-principes-de-travail\/\"><div class=\"icon\"><i aria-hidden=\"true\" class=\"fas fa-anchor\"><\/i><\/div><\/a>                <div class=\"content\">\n                    <h4 class=\"service-title\"><a href=\" https:\/\/biotopik.org\/index.php\/valeurs-et-principes-de-travail\/ \">Les Valeurs et Concepts<\/a><\/h4>                <\/div>\n            <\/div>\n\n        \t\t<\/div>\n\t\t\t\t<\/div>\n\t\t\t\t\t<\/div>\n\t\t<\/div>\n\t\t\t\t\t\t\t<\/div>\n\t\t<\/section>\n\t\t\t\t\t\t<\/div>\n\t\t\t\t\t<\/div>\n\t\t","protected":false},"excerpt":{"rendered":"<p>Un mot peut en cacher&#8230; tant d&#8217;autres ! Diss\u00e9quons &#8220;Biotopik&#8221; pour comprendre&#8230; BIO nous aspirons \u00e0 vous faire naviguer (d\u2019autres disent danser) avec le Vivant, y inclure vos projets, vos actes&#8230; et les n\u00f4tres ! L&#8217;inspiration des peuples racines \/ la relation des Hommes au Vivant, \u00e0 la Terre (entre ethnologie et biologie, compr\u00e9hension du [&hellip;]<\/p>\n","protected":false},"author":1,"featured_media":0,"parent":0,"menu_order":0,"comment_status":"closed","ping_status":"closed","template":"","meta":{"_monsterinsights_skip_tracking":false,"_monsterinsights_sitenote_active":false,"_monsterinsights_sitenote_note":"","_monsterinsights_sitenote_category":0,"footnotes":""},"_links":{"self":[{"href":"https:\/\/biotopik.org\/index.php\/wp-json\/wp\/v2\/pages\/1568"}],"collection":[{"href":"https:\/\/biotopik.org\/index.php\/wp-json\/wp\/v2\/pages"}],"about":[{"href":"https:\/\/biotopik.org\/index.php\/wp-json\/wp\/v2\/types\/page"}],"author":[{"embeddable":true,"href":"https:\/\/biotopik.org\/index.php\/wp-json\/wp\/v2\/users\/1"}],"replies":[{"embeddable":true,"href":"https:\/\/biotopik.org\/index.php\/wp-json\/wp\/v2\/comments?post=1568"}],"version-history":[{"count":79,"href":"https:\/\/biotopik.org\/index.php\/wp-json\/wp\/v2\/pages\/1568\/revisions"}],"predecessor-version":[{"id":3460,"href":"https:\/\/biotopik.org\/index.php\/wp-json\/wp\/v2\/pages\/1568\/revisions\/3460"}],"wp:attachment":[{"href":"https:\/\/biotopik.org\/index.php\/wp-json\/wp\/v2\/media?parent=1568"}],"curies":[{"name":"wp","href":"https:\/\/api.w.org\/{rel}","templated":true}]}}