{"id":1602,"date":"2021-11-12T14:45:59","date_gmt":"2021-11-12T13:45:59","guid":{"rendered":"https:\/\/biotopik.org\/?page_id=1602"},"modified":"2022-02-24T14:00:47","modified_gmt":"2022-02-24T13:00:47","slug":"valeurs-et-principes-de-travail","status":"publish","type":"page","link":"https:\/\/biotopik.org\/index.php\/valeurs-et-principes-de-travail\/","title":{"rendered":"Valeurs et Principes de travail"},"content":{"rendered":"\t\t<div data-elementor-type=\"wp-page\" data-elementor-id=\"1602\" class=\"elementor elementor-1602\" data-elementor-settings=\"[]\">\n\t\t\t\t\t\t\t<div class=\"elementor-section-wrap\">\n\t\t\t\t\t\t\t<section class=\"elementor-section elementor-top-section elementor-element elementor-element-66fb8b8 elementor-section-boxed elementor-section-height-default elementor-section-height-default\" data-id=\"66fb8b8\" data-element_type=\"section\">\n\t\t\t\t\t\t\t<div class=\"elementor-background-overlay\"><\/div>\n\t\t\t\t\t\t\t<div class=\"elementor-container elementor-column-gap-default\">\n\t\t\t\t\t<div class=\"elementor-column elementor-col-100 elementor-top-column elementor-element elementor-element-2035b25\" data-id=\"2035b25\" data-element_type=\"column\">\n\t\t\t<div class=\"elementor-widget-wrap elementor-element-populated\">\n\t\t\t\t\t\t\t\t<div class=\"elementor-element elementor-element-945be36 elementor-widget elementor-widget-heading\" data-id=\"945be36\" data-element_type=\"widget\" data-widget_type=\"heading.default\">\n\t\t\t\t<div class=\"elementor-widget-container\">\n\t\t\t<h1 class=\"elementor-heading-title elementor-size-default\">C'est bien de se mettre en valeur, mais c'est encore mieux d'en avoir !<\/h1>\t\t<\/div>\n\t\t\t\t<\/div>\n\t\t\t\t\t<\/div>\n\t\t<\/div>\n\t\t\t\t\t\t\t<\/div>\n\t\t<\/section>\n\t\t\t\t<section class=\"elementor-section elementor-top-section elementor-element elementor-element-daea9af elementor-section-boxed elementor-section-height-default elementor-section-height-default\" data-id=\"daea9af\" data-element_type=\"section\">\n\t\t\t\t\t\t<div class=\"elementor-container elementor-column-gap-default\">\n\t\t\t\t\t<div class=\"elementor-column elementor-col-100 elementor-top-column elementor-element elementor-element-3d38d96\" data-id=\"3d38d96\" data-element_type=\"column\">\n\t\t\t<div class=\"elementor-widget-wrap elementor-element-populated\">\n\t\t\t\t\t\t\t\t<div class=\"elementor-element elementor-element-b7460b4 elementor-widget elementor-widget-spacer\" data-id=\"b7460b4\" data-element_type=\"widget\" data-widget_type=\"spacer.default\">\n\t\t\t\t<div class=\"elementor-widget-container\">\n\t\t\t\t\t<div class=\"elementor-spacer\">\n\t\t\t<div class=\"elementor-spacer-inner\"><\/div>\n\t\t<\/div>\n\t\t\t\t<\/div>\n\t\t\t\t<\/div>\n\t\t\t\t<div class=\"elementor-element elementor-element-5bab224 elementor-widget elementor-widget-heading\" data-id=\"5bab224\" data-element_type=\"widget\" data-widget_type=\"heading.default\">\n\t\t\t\t<div class=\"elementor-widget-container\">\n\t\t\t<h2 class=\"elementor-heading-title elementor-size-default\">Nos VALEURS et des CONCEPTS porteurs<\/h2>\t\t<\/div>\n\t\t\t\t<\/div>\n\t\t\t\t<div class=\"elementor-element elementor-element-821c8e1 elementor-widget elementor-widget-spacer\" data-id=\"821c8e1\" data-element_type=\"widget\" data-widget_type=\"spacer.default\">\n\t\t\t\t<div class=\"elementor-widget-container\">\n\t\t\t\t\t<div class=\"elementor-spacer\">\n\t\t\t<div class=\"elementor-spacer-inner\"><\/div>\n\t\t<\/div>\n\t\t\t\t<\/div>\n\t\t\t\t<\/div>\n\t\t\t\t\t<\/div>\n\t\t<\/div>\n\t\t\t\t\t\t\t<\/div>\n\t\t<\/section>\n\t\t\t\t<section class=\"elementor-section elementor-top-section elementor-element elementor-element-4f142e0 elementor-section-boxed elementor-section-height-default elementor-section-height-default\" data-id=\"4f142e0\" data-element_type=\"section\">\n\t\t\t\t\t\t\t<div class=\"elementor-background-overlay\"><\/div>\n\t\t\t\t\t\t\t<div class=\"elementor-container elementor-column-gap-wider\">\n\t\t\t\t\t<div class=\"elementor-column elementor-col-50 elementor-top-column elementor-element elementor-element-a042646\" data-id=\"a042646\" data-element_type=\"column\">\n\t\t\t<div class=\"elementor-widget-wrap elementor-element-populated\">\n\t\t\t\t\t\t\t\t<div class=\"elementor-element elementor-element-ddf4829 elementor-widget elementor-widget-text-editor\" data-id=\"ddf4829\" data-element_type=\"widget\" data-widget_type=\"text-editor.default\">\n\t\t\t\t<div class=\"elementor-widget-container\">\n\t\t\t\t\t\t\t<h3>Les Valeurs<\/h3><p>Respect du Vivant \/ de soi, des autres, de la nature<\/p><p>Engagement<\/p><p>Audace \/ go\u00fbt du risque et de l\u2019exp\u00e9rimentation<\/p><p>Inclusivit\u00e9 et participation \/ Syst\u00e8me<\/p><p>Ouverture<\/p><p>Flexibilit\u00e9<\/p><p>Confiance \/ bienveillance, coop\u00e9ration<\/p><p>Discernement<\/p><p>Entreprise apprenante \u2013 qui accepte les erreurs<\/p><p>Beaut\u00e9 et \u00e9l\u00e9gance<\/p>\t\t\t\t\t\t<\/div>\n\t\t\t\t<\/div>\n\t\t\t\t\t<\/div>\n\t\t<\/div>\n\t\t\t\t<div class=\"elementor-column elementor-col-50 elementor-top-column elementor-element elementor-element-30e1e3b\" data-id=\"30e1e3b\" data-element_type=\"column\" data-settings=\"{&quot;background_background&quot;:&quot;slideshow&quot;,&quot;background_slideshow_gallery&quot;:[],&quot;background_slideshow_loop&quot;:&quot;yes&quot;,&quot;background_slideshow_slide_duration&quot;:5000,&quot;background_slideshow_slide_transition&quot;:&quot;fade&quot;,&quot;background_slideshow_transition_duration&quot;:500}\">\n\t\t\t<div class=\"elementor-widget-wrap elementor-element-populated\">\n\t\t\t\t\t\t\t\t<div class=\"elementor-element elementor-element-3b43e35 elementor-widget elementor-widget-text-editor\" data-id=\"3b43e35\" data-element_type=\"widget\" data-widget_type=\"text-editor.default\">\n\t\t\t\t<div class=\"elementor-widget-container\">\n\t\t\t\t\t\t\t<h3>Les Principes de travail<\/h3><p>* Un travail en Confiance \u2013 il est de notre responsabilit\u00e9 d\u2019instaurer la confiance dans notre relation au commanditaire, avec et entre les participants dans les ateliers<\/p><p>* Une Co-construction des contenus et formats<\/p><p>* G\u00e9rer la progression sur le court, moyen terme<\/p><p>* Des dispositifs sur mesure en fonction de votre probl\u00e9matique et vos besoins.\u00a0<\/p>\t\t\t\t\t\t<\/div>\n\t\t\t\t<\/div>\n\t\t\t\t\t<\/div>\n\t\t<\/div>\n\t\t\t\t\t\t\t<\/div>\n\t\t<\/section>\n\t\t\t\t<section class=\"elementor-section elementor-top-section elementor-element elementor-element-21c1580 elementor-section-boxed elementor-section-height-default elementor-section-height-default\" data-id=\"21c1580\" data-element_type=\"section\">\n\t\t\t\t\t\t\t<div class=\"elementor-background-overlay\"><\/div>\n\t\t\t\t\t\t\t<div class=\"elementor-container elementor-column-gap-default\">\n\t\t\t\t\t<div class=\"elementor-column elementor-col-50 elementor-top-column elementor-element elementor-element-7354de0\" data-id=\"7354de0\" data-element_type=\"column\" data-settings=\"{&quot;background_background&quot;:&quot;classic&quot;}\">\n\t\t\t<div class=\"elementor-widget-wrap elementor-element-populated\">\n\t\t\t\t\t\t\t\t<div class=\"elementor-element elementor-element-ec19d47 elementor-widget elementor-widget-heading\" data-id=\"ec19d47\" data-element_type=\"widget\" data-widget_type=\"heading.default\">\n\t\t\t\t<div class=\"elementor-widget-container\">\n\t\t\t<h3 class=\"elementor-heading-title elementor-size-default\">Des concepts qui inspirent<\/h3>\t\t<\/div>\n\t\t\t\t<\/div>\n\t\t\t\t<div class=\"elementor-element elementor-element-015b481 elementor-widget elementor-widget-text-editor\" data-id=\"015b481\" data-element_type=\"widget\" data-widget_type=\"text-editor.default\">\n\t\t\t\t<div class=\"elementor-widget-container\">\n\t\t\t\t\t\t\t<p><b>METAMORPHOSE et TRANSFORMATION<\/b><\/p>\n<p><b>OTIUM<\/b><\/p>\n<p><b>&nbsp;ANTHROPOCENE<\/b><\/p>\n<p><b>ECO-ANXIETE<\/b><\/p>\n<p>&#8230; des pistes \u00e0 d\u00e9velopper ci-dessous, et d&#8217;autres !<br><\/p>\t\t\t\t\t\t<\/div>\n\t\t\t\t<\/div>\n\t\t\t\t\t<\/div>\n\t\t<\/div>\n\t\t\t\t<div class=\"elementor-column elementor-col-50 elementor-top-column elementor-element elementor-element-6cb0707\" data-id=\"6cb0707\" data-element_type=\"column\">\n\t\t\t<div class=\"elementor-widget-wrap elementor-element-populated\">\n\t\t\t\t\t\t\t\t<div class=\"elementor-element elementor-element-494dc97 elementor-widget elementor-widget-heading\" data-id=\"494dc97\" data-element_type=\"widget\" data-widget_type=\"heading.default\">\n\t\t\t\t<div class=\"elementor-widget-container\">\n\t\t\t<h3 class=\"elementor-heading-title elementor-size-default\">Des mots qui nous transportent<\/h3>\t\t<\/div>\n\t\t\t\t<\/div>\n\t\t\t\t<div class=\"elementor-element elementor-element-35bba20 elementor-widget elementor-widget-text-editor\" data-id=\"35bba20\" data-element_type=\"widget\" data-widget_type=\"text-editor.default\">\n\t\t\t\t<div class=\"elementor-widget-container\">\n\t\t\t\t\t\t\t<p><strong>HABITER EN OISEAU<\/strong><b>&nbsp;<\/b>(cf. Vinciane Desprez)<strong> &#8230; ou en <\/strong><b>POULPE&nbsp;<\/b><strong>! <\/strong>Osez imaginer, exp\u00e9rimenter par l&#8217;empathie.<\/p>\n<p><b>AVENTURE&nbsp;<\/b>&amp; <b>AVENIR&nbsp;<\/b>: les deux mots ont la m\u00eame racine&#8230; \u00e7a vous inspire ?&nbsp;<\/p>\n<p><b>EMERVEILLEMENT&nbsp;<\/b>(ou Habiter en enfant ?) : c&#8217;est le contraire de la sid\u00e9ration ; l&#8217;\u00e9merveillement suscite la curiosit\u00e9, la volont\u00e9 de comprendre et de prendre soin.<\/p><p><span style=\"font-weight: 700;\">PROSPERITE, HABITABILITE, DEPENDANCE&nbsp; &#8211;<\/span> B. Latour, m\u00e9mo sur la nouvelle classe \u00e9cologique<br><\/p>\t\t\t\t\t\t<\/div>\n\t\t\t\t<\/div>\n\t\t\t\t\t<\/div>\n\t\t<\/div>\n\t\t\t\t\t\t\t<\/div>\n\t\t<\/section>\n\t\t\t\t<section class=\"elementor-section elementor-top-section elementor-element elementor-element-7f1d42a elementor-section-boxed elementor-section-height-default elementor-section-height-default\" data-id=\"7f1d42a\" data-element_type=\"section\">\n\t\t\t\t\t\t\t<div class=\"elementor-background-overlay\"><\/div>\n\t\t\t\t\t\t\t<div class=\"elementor-container elementor-column-gap-default\">\n\t\t\t\t\t<div class=\"elementor-column elementor-col-100 elementor-top-column elementor-element elementor-element-ebf2032\" data-id=\"ebf2032\" data-element_type=\"column\">\n\t\t\t<div class=\"elementor-widget-wrap elementor-element-populated\">\n\t\t\t\t\t\t\t\t<div class=\"elementor-element elementor-element-066d112 elementor-widget elementor-widget-accordion\" data-id=\"066d112\" data-element_type=\"widget\" data-widget_type=\"accordion.default\">\n\t\t\t\t<div class=\"elementor-widget-container\">\n\t\t\t\t\t<div class=\"elementor-accordion\" role=\"tablist\">\n\t\t\t\t\t\t\t<div class=\"elementor-accordion-item\">\n\t\t\t\t\t<div id=\"elementor-tab-title-6731\" class=\"elementor-tab-title\" data-tab=\"1\" role=\"tab\" aria-controls=\"elementor-tab-content-6731\" aria-expanded=\"false\">\n\t\t\t\t\t\t\t\t\t\t\t\t\t<span class=\"elementor-accordion-icon elementor-accordion-icon-left\" aria-hidden=\"true\">\n\t\t\t\t\t\t\t\t\t\t\t\t\t\t\t<span class=\"elementor-accordion-icon-closed\"><i class=\"fas fa-plus\"><\/i><\/span>\n\t\t\t\t\t\t\t\t<span class=\"elementor-accordion-icon-opened\"><i class=\"fas fa-minus\"><\/i><\/span>\n\t\t\t\t\t\t\t\t\t\t\t\t\t\t<\/span>\n\t\t\t\t\t\t\t\t\t\t\t\t<a class=\"elementor-accordion-title\" href=\"\">ANTHROPOCENE<\/a>\n\t\t\t\t\t<\/div>\n\t\t\t\t\t<div id=\"elementor-tab-content-6731\" class=\"elementor-tab-content elementor-clearfix\" data-tab=\"1\" role=\"tabpanel\" aria-labelledby=\"elementor-tab-title-6731\"><p>Nous sommes entr\u00e9s dans une \u00e8re fa\u00e7onn\u00e9e par l&#8217;Homme. L&#8217;Homme est devenu incontestablement l&#8217;esp\u00e8ce la plus r\u00e9pandue sur Terre et ses activit\u00e9s ont des impacts d\u00e9terminants sur la physionomie de notre plan\u00e8te et de ses occupants. La responsabilit\u00e9 de nos activit\u00e9s devrait \u00eatre au plus haut, tandis qu&#8217;il nous faut admettre que nous ne sommes pas ou peu en capacit\u00e9 de contr\u00f4ler les cons\u00e9quences de nos actes (la Terre nous renvoie en boomerang les effets de la surexploitation des ressources, de la perte de biodiversit\u00e9 et du r\u00e9chauffement climatique).<\/p><p>L&#8217;e terme m\u00eame d&#8217;anthropoc\u00e8ne nous remet en responsabilit\u00e9 et en capacit\u00e9 d&#8217;agir, en conscience.\u00a0<\/p><p>Ce concept est le terreau de nombreuses r\u00e9flexions, notamment sur les comp\u00e9tences du XXI\u00e8 si\u00e8cle, qui tournent autour de : la curiosit\u00e9, le courage, l&#8217;\u00e9thique, la coop\u00e9ration, la communication, la r\u00e9silience, la pers\u00e9v\u00e9rance, la cr\u00e9ativit\u00e9. Il nous am\u00e8ne \u00e0 repenser nos moyens d&#8217;action, notre \u00e9ducation &amp; transmissions, une mise en coh\u00e9rence entre nos personnalit\u00e9s, nos actes et notre reliance \u00e0 la nature.\u00a0<\/p><\/div>\n\t\t\t\t<\/div>\n\t\t\t\t\t\t\t<div class=\"elementor-accordion-item\">\n\t\t\t\t\t<div id=\"elementor-tab-title-6732\" class=\"elementor-tab-title\" data-tab=\"2\" role=\"tab\" aria-controls=\"elementor-tab-content-6732\" aria-expanded=\"false\">\n\t\t\t\t\t\t\t\t\t\t\t\t\t<span class=\"elementor-accordion-icon elementor-accordion-icon-left\" aria-hidden=\"true\">\n\t\t\t\t\t\t\t\t\t\t\t\t\t\t\t<span class=\"elementor-accordion-icon-closed\"><i class=\"fas fa-plus\"><\/i><\/span>\n\t\t\t\t\t\t\t\t<span class=\"elementor-accordion-icon-opened\"><i class=\"fas fa-minus\"><\/i><\/span>\n\t\t\t\t\t\t\t\t\t\t\t\t\t\t<\/span>\n\t\t\t\t\t\t\t\t\t\t\t\t<a class=\"elementor-accordion-title\" href=\"\">METAMORPHOSE<\/a>\n\t\t\t\t\t<\/div>\n\t\t\t\t\t<div id=\"elementor-tab-content-6732\" class=\"elementor-tab-content elementor-clearfix\" data-tab=\"2\" role=\"tabpanel\" aria-labelledby=\"elementor-tab-title-6732\"><p>Et si&#8230; et si notre monde actuel n\u00e9cessitait une transformation de notre part ? Acceptons de nous laisser transformer pour changer de paradigme. L&#8217;\u00e9co-anxi\u00e9t\u00e9, mal l\u00e9gitime des jeunes g\u00e9n\u00e9rations compte tenu des \u00e9volutions des \u00e9cosyst\u00e8mes, la biodiversit\u00e9, le changement climatique&#8230; nous donne cette occasion de nous laisser transformer, de redonner du pouvoir \u00e0 nos actions.<\/p><p>Nous les Humains nous sommes dissoci\u00e9s, d\u00e9connect\u00e9s de la nature, de la soci\u00e9t\u00e9 m\u00eame, en dissociant le mental de nos \u00e9motions ou sensations.\u00a0<\/p><p>Quelques cl\u00e9s pour nous laisser transformer :\u00a0<\/p><ul><li>Remettre la nature dans nos vies, faire des explorations sensorielles<\/li><li>Recr\u00e9er des liens qui n&#8217;existent plus\u00a0<\/li><li>Montrer que nous avons tous du pouvoir sur nos vies et l&#8217;\u00e9volution de notre soci\u00e9t\u00e9<\/li><li>Prendre chacun dans sa propre sensibilit\u00e9 pour agir collectivement.<\/li><\/ul><\/div>\n\t\t\t\t<\/div>\n\t\t\t\t\t\t\t<div class=\"elementor-accordion-item\">\n\t\t\t\t\t<div id=\"elementor-tab-title-6733\" class=\"elementor-tab-title\" data-tab=\"3\" role=\"tab\" aria-controls=\"elementor-tab-content-6733\" aria-expanded=\"false\">\n\t\t\t\t\t\t\t\t\t\t\t\t\t<span class=\"elementor-accordion-icon elementor-accordion-icon-left\" aria-hidden=\"true\">\n\t\t\t\t\t\t\t\t\t\t\t\t\t\t\t<span class=\"elementor-accordion-icon-closed\"><i class=\"fas fa-plus\"><\/i><\/span>\n\t\t\t\t\t\t\t\t<span class=\"elementor-accordion-icon-opened\"><i class=\"fas fa-minus\"><\/i><\/span>\n\t\t\t\t\t\t\t\t\t\t\t\t\t\t<\/span>\n\t\t\t\t\t\t\t\t\t\t\t\t<a class=\"elementor-accordion-title\" href=\"\">OTIUM<\/a>\n\t\t\t\t\t<\/div>\n\t\t\t\t\t<div id=\"elementor-tab-content-6733\" class=\"elementor-tab-content elementor-clearfix\" data-tab=\"3\" role=\"tabpanel\" aria-labelledby=\"elementor-tab-title-6733\"><p><span style=\"color: var( --e-global-color-text ); font-family: var( --e-global-typography-text-font-family ), Sans-serif; font-weight: var( --e-global-typography-text-font-weight );\">L&#8217;otium est une forme de loisir invent\u00e9e par les grecs et popularis\u00e9 par les romains. Il d\u00e9signe un temps long, affranchi des t\u00e2ches vitales, durant lequel l&#8217;homme acc\u00e8de au d\u00e9sint\u00e9ressement et se livre \u00e0 la libre vie de l&#8217;esprit. C&#8217;est un loisir studieux, un temps de r\u00e9flexion d\u00e9sint\u00e9ress\u00e9.<\/span><\/p>\n<p>C&#8217;est le temps dont on peut disposer pour soi-m\u00eame &#8211; dans notre jargon actuel, il ferait partie du &#8220;d\u00e9veloppement personnel&#8221; mais accompagn\u00e9 d&#8217;une dimension collective, soci\u00e9tale &#8211; et dont on peut disposer pour s&#8217;am\u00e9liorer.&nbsp;<\/p>\n<p>Vers une plus grande compr\u00e9hension du monde, donner un sens \u00e0 son existence, d\u00e9sir de s&#8217;am\u00e9liorer. Rel\u00e8ve d&#8217;une vocation d&#8217;un \u00eatre humain. Une vocation existentielle &#8211; dvlper le fort int\u00e9rieur, le libre arbitre et le jugement. Ins\u00e9parable de la qu\u00eate de sagesse et de la d\u00e9mocratie. Il porte en lui une notion de lenteur.<\/p>\n<p><b>Imaginer &#8211; penser &#8211; concevoir SANS contrainte, int\u00e9r\u00eats, pr\u00e9jug\u00e9s, croyances<\/b>.<\/p>\n<p><span style=\"color: var( --e-global-color-text ); font-family: var( --e-global-typography-text-font-family ), Sans-serif; font-weight: var( --e-global-typography-text-font-weight );\">Il est f\u00e9cond mais pas utile. Il ne r\u00e9pond pas \u00e0 une strat\u00e9gie, il est son propre accomplissement de curiosit\u00e9.<\/span><\/p>\n<p>Le contraire de l&#8217;otium est le n\u00e9goce (nec otium &#8211; le march\u00e9 est form\u00e9 la n\u00e9cessit\u00e9 d&#8217;\u00e9liminer cette forme de loisir). Il est donc central pour lutter contre la marchandisation du monde.<\/p>\n<p><b>La notion d&#8217;otium nous renvoie \u00e0 notre obligation d&#8217;\u00eatre des protagonistes dans l&#8217;\u00e9laboration du bien commun, du sens, des valeurs.<\/b> Nous avons tous un r\u00f4le \u00e0 jouer. Nous avons tous quelque chose \u00e0 apporter \u00e0 cette grande r\u00e9\u00e9laboration du bien commun. C&#8217;est avant tout un engagement vis-\u00e0-vis de la soci\u00e9t\u00e9.<\/p>\n<p>La palette de l&#8217;otium est quasi infinie : lecture d&#8217;un trait\u00e9 de philosophie, apprentissage d&#8217;une langue, initiation au yoga, d\u00e9couverte des plaisirs du corps\u2026<\/p><\/div>\n\t\t\t\t<\/div>\n\t\t\t\t\t\t\t<div class=\"elementor-accordion-item\">\n\t\t\t\t\t<div id=\"elementor-tab-title-6734\" class=\"elementor-tab-title\" data-tab=\"4\" role=\"tab\" aria-controls=\"elementor-tab-content-6734\" aria-expanded=\"false\">\n\t\t\t\t\t\t\t\t\t\t\t\t\t<span class=\"elementor-accordion-icon elementor-accordion-icon-left\" aria-hidden=\"true\">\n\t\t\t\t\t\t\t\t\t\t\t\t\t\t\t<span class=\"elementor-accordion-icon-closed\"><i class=\"fas fa-plus\"><\/i><\/span>\n\t\t\t\t\t\t\t\t<span class=\"elementor-accordion-icon-opened\"><i class=\"fas fa-minus\"><\/i><\/span>\n\t\t\t\t\t\t\t\t\t\t\t\t\t\t<\/span>\n\t\t\t\t\t\t\t\t\t\t\t\t<a class=\"elementor-accordion-title\" href=\"\">ECO-ANXIETE<\/a>\n\t\t\t\t\t<\/div>\n\t\t\t\t\t<div id=\"elementor-tab-content-6734\" class=\"elementor-tab-content elementor-clearfix\" data-tab=\"4\" role=\"tabpanel\" aria-labelledby=\"elementor-tab-title-6734\"><p>L&#8217;\u00e9co-anxi\u00e9t\u00e9 est une forme d&#8217;anxi\u00e9t\u00e9 provoqu\u00e9e par le changement climatique et ses impacts sur l&#8217;avenir . Elle est une r\u00e9action rationnelle \u00e0 la mort annonc\u00e9e de nos \u00e9cosyst\u00e8mes et aux r\u00e9ponses inad\u00e9quates de la part des gouvernements. Elle fait appara\u00eetre comme une n\u00e9cessit\u00e9 d&#8217;apprendre \u00e0 vivre autrement, pour que les impacts attendus ne nous tuent pas&#8230;<\/p><p>L&#8217;\u00e9tude de la psychologue anglaise Caroline Hickman pour le journal scientifique The Lancet Planetary Health aupr\u00e8s de 10000 jeunes de 16 \u00e0 25 ans dans 10 pays, dont la France,\u00a0 r\u00e9v\u00e8le que :<\/p><ul><li>60% des jeunes se disent tr\u00e8s inquiets face au changement climatique et vivent une \u00e9co-anxi\u00e9t\u00e9<\/li><li>50% estiment que l&#8217;avenir de l&#8217;humanit\u00e9 est compromis<\/li><li>4 jeunes sur 10 h\u00e9sitent \u00e0 avoir des enfants<\/li><li>45% affirment que cette \u00e9co-anxi\u00e9t\u00e9 affecte\u00a0 leur vie dnas leur quotidien.\u00a0<\/li><\/ul><p>Les sentiments qui ressortent sont la col\u00e8re, la tristesse, le d\u00e9sespoir, la honte, mais ils sont surtout tr\u00e8s affect\u00e9s par le manque de r\u00e9ponse politique et le manque de coh\u00e9rence donn\u00e9 par les g\u00e9n\u00e9rations actives.<\/p><p>Cette \u00e9co-anxi\u00e9t\u00e9 n\u00e9cessite d&#8217;\u00eatre prise en charge pour les aider \u00e0 sortir de cette dissociation, mettre de la coh\u00e9rence dans leur vie. Pour cela, renouer avec l&#8217;intelligence collective, l&#8217;interd\u00e9pendance, redonner de l&#8217;espoir \u00e0 nos enfants\u00a0<\/p><\/div>\n\t\t\t\t<\/div>\n\t\t\t\t\t\t\t\t<\/div>\n\t\t\t\t<\/div>\n\t\t\t\t<\/div>\n\t\t\t\t\t<\/div>\n\t\t<\/div>\n\t\t\t\t\t\t\t<\/div>\n\t\t<\/section>\n\t\t\t\t<section class=\"elementor-section elementor-top-section elementor-element elementor-element-f0b4a2d elementor-section-boxed elementor-section-height-default elementor-section-height-default\" data-id=\"f0b4a2d\" data-element_type=\"section\">\n\t\t\t\t\t\t<div class=\"elementor-container elementor-column-gap-default\">\n\t\t\t\t\t<div class=\"elementor-column elementor-col-33 elementor-top-column elementor-element elementor-element-51c70c1\" data-id=\"51c70c1\" data-element_type=\"column\">\n\t\t\t<div class=\"elementor-widget-wrap elementor-element-populated\">\n\t\t\t\t\t\t\t\t<div class=\"elementor-element elementor-element-07d3114 elementor-widget elementor-widget-spacer\" data-id=\"07d3114\" data-element_type=\"widget\" data-widget_type=\"spacer.default\">\n\t\t\t\t<div class=\"elementor-widget-container\">\n\t\t\t\t\t<div class=\"elementor-spacer\">\n\t\t\t<div class=\"elementor-spacer-inner\"><\/div>\n\t\t<\/div>\n\t\t\t\t<\/div>\n\t\t\t\t<\/div>\n\t\t\t\t<div class=\"elementor-element elementor-element-09c99ab elementor-widget elementor-widget-htmega-service-addons\" data-id=\"09c99ab\" data-element_type=\"widget\" data-widget_type=\"htmega-service-addons.default\">\n\t\t\t\t<div class=\"elementor-widget-container\">\n\t\t\t            <div class=\"htmega-service htmega-service-style-2\" >\n                <a href=\"https:\/\/biotopik.org\/index.php\/le-projet\/\"><div class=\"icon\"><i aria-hidden=\"true\" class=\"fas fa-route\"><\/i><\/div><\/a>                <div class=\"content\">\n                    <h4 class=\"service-title\"><a href=\" https:\/\/biotopik.org\/index.php\/le-projet\/ \">Le projet<\/a><\/h4>                <\/div>\n            <\/div>\n\n        \t\t<\/div>\n\t\t\t\t<\/div>\n\t\t\t\t\t<\/div>\n\t\t<\/div>\n\t\t\t\t<div class=\"elementor-column elementor-col-33 elementor-top-column elementor-element elementor-element-8261831\" data-id=\"8261831\" data-element_type=\"column\">\n\t\t\t<div class=\"elementor-widget-wrap elementor-element-populated\">\n\t\t\t\t\t\t\t\t<div class=\"elementor-element elementor-element-6974dbc elementor-widget elementor-widget-spacer\" data-id=\"6974dbc\" data-element_type=\"widget\" data-widget_type=\"spacer.default\">\n\t\t\t\t<div class=\"elementor-widget-container\">\n\t\t\t\t\t<div class=\"elementor-spacer\">\n\t\t\t<div class=\"elementor-spacer-inner\"><\/div>\n\t\t<\/div>\n\t\t\t\t<\/div>\n\t\t\t\t<\/div>\n\t\t\t\t<div class=\"elementor-element elementor-element-78a1ad2 elementor-widget elementor-widget-htmega-service-addons\" data-id=\"78a1ad2\" data-element_type=\"widget\" data-widget_type=\"htmega-service-addons.default\">\n\t\t\t\t<div class=\"elementor-widget-container\">\n\t\t\t            <div class=\"htmega-service htmega-service-style-2\" >\n                <a href=\"https:\/\/biotopik.org\/index.php\/que-cache-biotopik\/\"><div class=\"icon\"><i aria-hidden=\"true\" class=\"fas fa-theater-masks\"><\/i><\/div><\/a>                <div class=\"content\">\n                    <h4 class=\"service-title\"><a href=\" https:\/\/biotopik.org\/index.php\/que-cache-biotopik\/ \">Que cache BiotopiK<\/a><\/h4><p>\n<\/p>                <\/div>\n            <\/div>\n\n        \t\t<\/div>\n\t\t\t\t<\/div>\n\t\t\t\t\t<\/div>\n\t\t<\/div>\n\t\t\t\t<div class=\"elementor-column elementor-col-33 elementor-top-column elementor-element elementor-element-fe3a49d\" data-id=\"fe3a49d\" data-element_type=\"column\">\n\t\t\t<div class=\"elementor-widget-wrap elementor-element-populated\">\n\t\t\t\t\t\t\t\t<div class=\"elementor-element elementor-element-52ee3ba elementor-widget elementor-widget-spacer\" data-id=\"52ee3ba\" data-element_type=\"widget\" data-widget_type=\"spacer.default\">\n\t\t\t\t<div class=\"elementor-widget-container\">\n\t\t\t\t\t<div class=\"elementor-spacer\">\n\t\t\t<div class=\"elementor-spacer-inner\"><\/div>\n\t\t<\/div>\n\t\t\t\t<\/div>\n\t\t\t\t<\/div>\n\t\t\t\t<div class=\"elementor-element elementor-element-d4c34af elementor-widget elementor-widget-htmega-service-addons\" data-id=\"d4c34af\" data-element_type=\"widget\" data-widget_type=\"htmega-service-addons.default\">\n\t\t\t\t<div class=\"elementor-widget-container\">\n\t\t\t            <div class=\"htmega-service htmega-service-style-2\" >\n                <a href=\"https:\/\/biotopik.org\/index.php\/lintention\/\"><div class=\"icon\"><i aria-hidden=\"true\" class=\"fas fa-monument\"><\/i><\/div><\/a>                <div class=\"content\">\n                    <h4 class=\"service-title\"><a href=\" https:\/\/biotopik.org\/index.php\/lintention\/ \">L'intention<\/a><\/h4>                <\/div>\n            <\/div>\n\n        \t\t<\/div>\n\t\t\t\t<\/div>\n\t\t\t\t\t<\/div>\n\t\t<\/div>\n\t\t\t\t\t\t\t<\/div>\n\t\t<\/section>\n\t\t\t\t\t\t<\/div>\n\t\t\t\t\t<\/div>\n\t\t","protected":false},"excerpt":{"rendered":"<p>C&#8217;est bien de se mettre en valeur, mais c&#8217;est encore mieux d&#8217;en avoir ! Nos VALEURS et des CONCEPTS porteurs Les Valeurs Respect du Vivant \/ de soi, des autres, de la nature Engagement Audace \/ go\u00fbt du risque et de l\u2019exp\u00e9rimentation Inclusivit\u00e9 et participation \/ Syst\u00e8me Ouverture Flexibilit\u00e9 Confiance \/ bienveillance, coop\u00e9ration Discernement Entreprise [&hellip;]<\/p>\n","protected":false},"author":1,"featured_media":0,"parent":0,"menu_order":0,"comment_status":"closed","ping_status":"closed","template":"","meta":{"_monsterinsights_skip_tracking":false,"_monsterinsights_sitenote_active":false,"_monsterinsights_sitenote_note":"","_monsterinsights_sitenote_category":0,"footnotes":""},"_links":{"self":[{"href":"https:\/\/biotopik.org\/index.php\/wp-json\/wp\/v2\/pages\/1602"}],"collection":[{"href":"https:\/\/biotopik.org\/index.php\/wp-json\/wp\/v2\/pages"}],"about":[{"href":"https:\/\/biotopik.org\/index.php\/wp-json\/wp\/v2\/types\/page"}],"author":[{"embeddable":true,"href":"https:\/\/biotopik.org\/index.php\/wp-json\/wp\/v2\/users\/1"}],"replies":[{"embeddable":true,"href":"https:\/\/biotopik.org\/index.php\/wp-json\/wp\/v2\/comments?post=1602"}],"version-history":[{"count":100,"href":"https:\/\/biotopik.org\/index.php\/wp-json\/wp\/v2\/pages\/1602\/revisions"}],"predecessor-version":[{"id":3475,"href":"https:\/\/biotopik.org\/index.php\/wp-json\/wp\/v2\/pages\/1602\/revisions\/3475"}],"wp:attachment":[{"href":"https:\/\/biotopik.org\/index.php\/wp-json\/wp\/v2\/media?parent=1602"}],"curies":[{"name":"wp","href":"https:\/\/api.w.org\/{rel}","templated":true}]}}