{"id":1687,"date":"2021-11-17T14:55:15","date_gmt":"2021-11-17T13:55:15","guid":{"rendered":"https:\/\/biotopik.org\/?page_id=1687"},"modified":"2022-02-24T12:36:24","modified_gmt":"2022-02-24T11:36:24","slug":"design-de-lintervention","status":"publish","type":"page","link":"https:\/\/biotopik.org\/index.php\/design-de-lintervention\/","title":{"rendered":"Design de l&#8217;intervention"},"content":{"rendered":"\t\t<div data-elementor-type=\"wp-page\" data-elementor-id=\"1687\" class=\"elementor elementor-1687\" data-elementor-settings=\"[]\">\n\t\t\t\t\t\t\t<div class=\"elementor-section-wrap\">\n\t\t\t\t\t\t\t<section class=\"elementor-section elementor-top-section elementor-element elementor-element-3bb1a74 elementor-section-boxed elementor-section-height-default elementor-section-height-default\" data-id=\"3bb1a74\" data-element_type=\"section\">\n\t\t\t\t\t\t\t<div class=\"elementor-background-overlay\"><\/div>\n\t\t\t\t\t\t\t<div class=\"elementor-container elementor-column-gap-default\">\n\t\t\t\t\t<div class=\"elementor-column elementor-col-100 elementor-top-column elementor-element elementor-element-429a1e7\" data-id=\"429a1e7\" data-element_type=\"column\">\n\t\t\t<div class=\"elementor-widget-wrap elementor-element-populated\">\n\t\t\t\t\t\t\t\t<div class=\"elementor-element elementor-element-a338dd1 elementor-widget elementor-widget-heading\" data-id=\"a338dd1\" data-element_type=\"widget\" data-widget_type=\"heading.default\">\n\t\t\t\t<div class=\"elementor-widget-container\">\n\t\t\t<h2 class=\"elementor-heading-title elementor-size-default\">\"L'\u00e2me ne r\u00e9fl\u00e9chit jamais sans une image\", Aristote<\/h2>\t\t<\/div>\n\t\t\t\t<\/div>\n\t\t\t\t\t<\/div>\n\t\t<\/div>\n\t\t\t\t\t\t\t<\/div>\n\t\t<\/section>\n\t\t\t\t<section class=\"elementor-section elementor-top-section elementor-element elementor-element-9cfd5cd elementor-section-boxed elementor-section-height-default elementor-section-height-default\" data-id=\"9cfd5cd\" data-element_type=\"section\">\n\t\t\t\t\t\t<div class=\"elementor-container elementor-column-gap-default\">\n\t\t\t\t\t<div class=\"elementor-column elementor-col-100 elementor-top-column elementor-element elementor-element-1351a13\" data-id=\"1351a13\" data-element_type=\"column\">\n\t\t\t<div class=\"elementor-widget-wrap elementor-element-populated\">\n\t\t\t\t\t\t\t\t<div class=\"elementor-element elementor-element-102e1ec elementor-widget elementor-widget-spacer\" data-id=\"102e1ec\" data-element_type=\"widget\" data-widget_type=\"spacer.default\">\n\t\t\t\t<div class=\"elementor-widget-container\">\n\t\t\t\t\t<div class=\"elementor-spacer\">\n\t\t\t<div class=\"elementor-spacer-inner\"><\/div>\n\t\t<\/div>\n\t\t\t\t<\/div>\n\t\t\t\t<\/div>\n\t\t\t\t<div class=\"elementor-element elementor-element-4fefcd5 elementor-widget elementor-widget-heading\" data-id=\"4fefcd5\" data-element_type=\"widget\" data-widget_type=\"heading.default\">\n\t\t\t\t<div class=\"elementor-widget-container\">\n\t\t\t<h2 class=\"elementor-heading-title elementor-size-default\">Le DESIGN de l'intervention :\nune co-conception en mode exploratoire... plongez !<\/h2>\t\t<\/div>\n\t\t\t\t<\/div>\n\t\t\t\t<div class=\"elementor-element elementor-element-769a57c elementor-widget elementor-widget-spacer\" data-id=\"769a57c\" data-element_type=\"widget\" data-widget_type=\"spacer.default\">\n\t\t\t\t<div class=\"elementor-widget-container\">\n\t\t\t\t\t<div class=\"elementor-spacer\">\n\t\t\t<div class=\"elementor-spacer-inner\"><\/div>\n\t\t<\/div>\n\t\t\t\t<\/div>\n\t\t\t\t<\/div>\n\t\t\t\t\t<\/div>\n\t\t<\/div>\n\t\t\t\t\t\t\t<\/div>\n\t\t<\/section>\n\t\t\t\t<section class=\"elementor-section elementor-top-section elementor-element elementor-element-0b751b0 elementor-section-boxed elementor-section-height-default elementor-section-height-default\" data-id=\"0b751b0\" data-element_type=\"section\">\n\t\t\t\t\t\t\t<div class=\"elementor-background-overlay\"><\/div>\n\t\t\t\t\t\t\t<div class=\"elementor-container elementor-column-gap-default\">\n\t\t\t\t\t<div class=\"elementor-column elementor-col-33 elementor-top-column elementor-element elementor-element-35ac39d\" data-id=\"35ac39d\" data-element_type=\"column\">\n\t\t\t<div class=\"elementor-widget-wrap elementor-element-populated\">\n\t\t\t\t\t\t\t\t<div class=\"elementor-element elementor-element-e85847c elementor-widget elementor-widget-image\" data-id=\"e85847c\" data-element_type=\"widget\" data-widget_type=\"image.default\">\n\t\t\t\t<div class=\"elementor-widget-container\">\n\t\t\t\t\t\t\t\t\t\t\t\t\t\t\t<img decoding=\"async\" loading=\"lazy\" width=\"465\" height=\"640\" src=\"https:\/\/biotopik.org\/wp-content\/uploads\/2021\/11\/monde-ideal-Salome-rotated-e1637334009751.jpg\" class=\"attachment-large size-large\" alt=\"\" srcset=\"https:\/\/biotopik.org\/wp-content\/uploads\/2021\/11\/monde-ideal-Salome-rotated-e1637334009751.jpg 465w, https:\/\/biotopik.org\/wp-content\/uploads\/2021\/11\/monde-ideal-Salome-rotated-e1637334009751-218x300.jpg 218w\" sizes=\"(max-width: 465px) 100vw, 465px\" \/>\t\t\t\t\t\t\t\t\t\t\t\t\t\t\t<\/div>\n\t\t\t\t<\/div>\n\t\t\t\t\t<\/div>\n\t\t<\/div>\n\t\t\t\t<div class=\"elementor-column elementor-col-66 elementor-top-column elementor-element elementor-element-3e21300\" data-id=\"3e21300\" data-element_type=\"column\">\n\t\t\t<div class=\"elementor-widget-wrap elementor-element-populated\">\n\t\t\t\t\t\t\t\t<div class=\"elementor-element elementor-element-2621b66 elementor-widget elementor-widget-text-editor\" data-id=\"2621b66\" data-element_type=\"widget\" data-widget_type=\"text-editor.default\">\n\t\t\t\t<div class=\"elementor-widget-container\">\n\t\t\t\t\t\t\t<p>Le <b>DESIGN <\/b>ou la conception du dispositif de l\u2019intervention<\/p><ul><li>un s\u00e9quencement d&#8217;actions dans un temps d\u00e9fini<\/li><li>autour de valeurs et communs<\/li><li>en analysant les blocages et leviers potentiels.<\/li><\/ul><p>Nous concevons nos interventions et nos missions comme on con\u00e7oit une maison, en portant un soin particulier \u00e0 la visualisation de ce que l&#8217;on souhaite obtenir. Nous vous demandons votre participation pleine et active \u00e0 des rendez-vous d&#8217;exploration, afin que nous transformions vos objectifs en r\u00e9sultat effectif ! Vous ne confieriez pas les plans de conception de votre future habitation \u00e0 un architecte sans lui avoir exprim\u00e9 vos souhaits et vos contraintes&#8230;<\/p><p>C\u2019est pourquoi nous consid\u00e9rons que la phase de conception est essentielle pour parvenir aux objectifs que vous nous aurez formul\u00e9s ou que nous aurons affin\u00e9s et rendus concrets ensemble.\u00a0<\/p><p>Nous vous ferons exprimer le film de vos attentes &#8211; que doit-on obtenir \u00e0 la fin ? que peut-on voir, sentir, toucher ?\u00a0<\/p><p>Comptez sur nous pour vous embarquer dans une exploration fine de vos attentes et de votre contexte, pour une intervention \u00e0 coup s\u00fbr r\u00e9ussie. Le succ\u00e8s est dans la pr\u00e9paration !<\/p>\t\t\t\t\t\t<\/div>\n\t\t\t\t<\/div>\n\t\t\t\t\t<\/div>\n\t\t<\/div>\n\t\t\t\t\t\t\t<\/div>\n\t\t<\/section>\n\t\t\t\t<section class=\"elementor-section elementor-top-section elementor-element elementor-element-ce5baa4 elementor-section-boxed elementor-section-height-default elementor-section-height-default\" data-id=\"ce5baa4\" data-element_type=\"section\">\n\t\t\t\t\t\t\t<div class=\"elementor-background-overlay\"><\/div>\n\t\t\t\t\t\t\t<div class=\"elementor-container elementor-column-gap-default\">\n\t\t\t\t\t<div class=\"elementor-column elementor-col-50 elementor-top-column elementor-element elementor-element-37965ba\" data-id=\"37965ba\" data-element_type=\"column\">\n\t\t\t<div class=\"elementor-widget-wrap elementor-element-populated\">\n\t\t\t\t\t\t\t\t<div class=\"elementor-element elementor-element-684f990 elementor-widget elementor-widget-text-editor\" data-id=\"684f990\" data-element_type=\"widget\" data-widget_type=\"text-editor.default\">\n\t\t\t\t<div class=\"elementor-widget-container\">\n\t\t\t\t\t\t\t<p><b>Un aper\u00e7u du\u00a0contenu de l&#8217;exploration<\/b><\/p><p>Nous devons savoir QUI nous devons embarquer, pour quel RESULTAT et dans quel CONTEXTE et CADRE possible.<\/p><ol><li>Le contexte : zoom sur l\u2019histoire, l\u2019organisation, les fondateurs, les m\u00e9tiers, la culture et les parties prenantes<\/li><li>L\u2019intention de l\u2019intervention : \u00ab au bout du projet, de l\u2019atelier, de la mission, de la s\u00e9quence, qu\u2019aurez-vous ou qu\u2019aurons-nous obtenu concr\u00e8tement ? C\u2019est quoi le film ? \u00bb<\/li><li>La suite : que devra-t-il \u00eatre fait du r\u00e9sultat ensuite ?<\/li><li>Les participants : combien seront-ils, qui doit \u00eatre pr\u00e9sent, quels profils, quel climat, quelles pratiques, quel mode manag\u00e9rial\u2026.<\/li><li>Le temps : quel temps possible ensemble ? D\u00e9lai pour le projet ? Longueur et fr\u00e9quence des r\u00e9unions ?<\/li><li>Les outils : l\u00e0 c\u2019est \u00e0 nous de jouer pour vous proposer des outils adapt\u00e9s, les s\u00e9quences, les questions, le timing et les livrables, le lieu, les r\u00f4les d\u2019animation, puis \u00e9changer, ajuster, affiner avec vous pour que vous vous sentiez \u00e0 l&#8217;aise avec le dispositif.<\/li><\/ol>\t\t\t\t\t\t<\/div>\n\t\t\t\t<\/div>\n\t\t\t\t\t<\/div>\n\t\t<\/div>\n\t\t\t\t<div class=\"elementor-column elementor-col-50 elementor-top-column elementor-element elementor-element-2d15ab5\" data-id=\"2d15ab5\" data-element_type=\"column\">\n\t\t\t<div class=\"elementor-widget-wrap elementor-element-populated\">\n\t\t\t\t\t\t\t\t<div class=\"elementor-element elementor-element-ea2cd9e elementor-widget elementor-widget-image\" data-id=\"ea2cd9e\" data-element_type=\"widget\" data-widget_type=\"image.default\">\n\t\t\t\t<div class=\"elementor-widget-container\">\n\t\t\t\t\t\t\t\t\t\t\t\t\t\t\t<img decoding=\"async\" loading=\"lazy\" width=\"640\" height=\"296\" src=\"https:\/\/biotopik.org\/wp-content\/uploads\/2021\/11\/design-IC-e1637333695331.jpg\" class=\"attachment-large size-large\" alt=\"\" srcset=\"https:\/\/biotopik.org\/wp-content\/uploads\/2021\/11\/design-IC-e1637333695331.jpg 640w, https:\/\/biotopik.org\/wp-content\/uploads\/2021\/11\/design-IC-e1637333695331-300x139.jpg 300w\" sizes=\"(max-width: 640px) 100vw, 640px\" \/>\t\t\t\t\t\t\t\t\t\t\t\t\t\t\t<\/div>\n\t\t\t\t<\/div>\n\t\t\t\t\t<\/div>\n\t\t<\/div>\n\t\t\t\t\t\t\t<\/div>\n\t\t<\/section>\n\t\t\t\t<section class=\"elementor-section elementor-top-section elementor-element elementor-element-3a264ec elementor-section-boxed elementor-section-height-default elementor-section-height-default\" data-id=\"3a264ec\" data-element_type=\"section\">\n\t\t\t\t\t\t<div class=\"elementor-container elementor-column-gap-default\">\n\t\t\t\t\t<div class=\"elementor-column elementor-col-33 elementor-top-column elementor-element elementor-element-089ac70\" data-id=\"089ac70\" data-element_type=\"column\">\n\t\t\t<div class=\"elementor-widget-wrap elementor-element-populated\">\n\t\t\t\t\t\t\t\t<div class=\"elementor-element elementor-element-091bf4c elementor-widget elementor-widget-spacer\" data-id=\"091bf4c\" data-element_type=\"widget\" data-widget_type=\"spacer.default\">\n\t\t\t\t<div class=\"elementor-widget-container\">\n\t\t\t\t\t<div class=\"elementor-spacer\">\n\t\t\t<div class=\"elementor-spacer-inner\"><\/div>\n\t\t<\/div>\n\t\t\t\t<\/div>\n\t\t\t\t<\/div>\n\t\t\t\t<div class=\"elementor-element elementor-element-3724d00 elementor-widget elementor-widget-htmega-service-addons\" data-id=\"3724d00\" data-element_type=\"widget\" data-widget_type=\"htmega-service-addons.default\">\n\t\t\t\t<div class=\"elementor-widget-container\">\n\t\t\t            <div class=\"htmega-service htmega-service-style-2\" >\n                <a href=\"https:\/\/biotopik.org\/index.php\/loffre\/\"><div class=\"icon\"><i aria-hidden=\"true\" class=\"far fa-gem\"><\/i><\/div><\/a>                <div class=\"content\">\n                    <h4 class=\"service-title\"><a href=\" https:\/\/biotopik.org\/index.php\/loffre\/ \">L'offre<\/a><\/h4><p>notre accompagnement\n<\/p>                <\/div>\n            <\/div>\n\n        \t\t<\/div>\n\t\t\t\t<\/div>\n\t\t\t\t<div class=\"elementor-element elementor-element-c6d2dbf elementor-widget elementor-widget-spacer\" data-id=\"c6d2dbf\" data-element_type=\"widget\" data-widget_type=\"spacer.default\">\n\t\t\t\t<div class=\"elementor-widget-container\">\n\t\t\t\t\t<div class=\"elementor-spacer\">\n\t\t\t<div class=\"elementor-spacer-inner\"><\/div>\n\t\t<\/div>\n\t\t\t\t<\/div>\n\t\t\t\t<\/div>\n\t\t\t\t\t<\/div>\n\t\t<\/div>\n\t\t\t\t<div class=\"elementor-column elementor-col-33 elementor-top-column elementor-element elementor-element-621c372\" data-id=\"621c372\" data-element_type=\"column\">\n\t\t\t<div class=\"elementor-widget-wrap elementor-element-populated\">\n\t\t\t\t\t\t\t\t<div class=\"elementor-element elementor-element-9bdc4a3 elementor-widget elementor-widget-spacer\" data-id=\"9bdc4a3\" data-element_type=\"widget\" data-widget_type=\"spacer.default\">\n\t\t\t\t<div class=\"elementor-widget-container\">\n\t\t\t\t\t<div class=\"elementor-spacer\">\n\t\t\t<div class=\"elementor-spacer-inner\"><\/div>\n\t\t<\/div>\n\t\t\t\t<\/div>\n\t\t\t\t<\/div>\n\t\t\t\t<div class=\"elementor-element elementor-element-40cd05c elementor-widget elementor-widget-htmega-service-addons\" data-id=\"40cd05c\" data-element_type=\"widget\" data-widget_type=\"htmega-service-addons.default\">\n\t\t\t\t<div class=\"elementor-widget-container\">\n\t\t\t            <div class=\"htmega-service htmega-service-style-2\" >\n                <a href=\"https:\/\/biotopik.org\/index.php\/les-ateliers\/\"><div class=\"icon\"><i aria-hidden=\"true\" class=\"fas fa-users\"><\/i><\/div><\/a>                <div class=\"content\">\n                    <h4 class=\"service-title\"><a href=\" https:\/\/biotopik.org\/index.php\/les-ateliers\/ \">Les Ateliers<\/a><\/h4><p>Comment se d\u00e9roule une session ?\n<\/p>                <\/div>\n            <\/div>\n\n        \t\t<\/div>\n\t\t\t\t<\/div>\n\t\t\t\t\t<\/div>\n\t\t<\/div>\n\t\t\t\t<div class=\"elementor-column elementor-col-33 elementor-top-column elementor-element elementor-element-e0f6198\" data-id=\"e0f6198\" data-element_type=\"column\">\n\t\t\t<div class=\"elementor-widget-wrap elementor-element-populated\">\n\t\t\t\t\t\t\t\t<div class=\"elementor-element elementor-element-36b0754 elementor-widget elementor-widget-spacer\" data-id=\"36b0754\" data-element_type=\"widget\" data-widget_type=\"spacer.default\">\n\t\t\t\t<div class=\"elementor-widget-container\">\n\t\t\t\t\t<div class=\"elementor-spacer\">\n\t\t\t<div class=\"elementor-spacer-inner\"><\/div>\n\t\t<\/div>\n\t\t\t\t<\/div>\n\t\t\t\t<\/div>\n\t\t\t\t<div class=\"elementor-element elementor-element-8e36545 elementor-widget elementor-widget-htmega-service-addons\" data-id=\"8e36545\" data-element_type=\"widget\" data-widget_type=\"htmega-service-addons.default\">\n\t\t\t\t<div class=\"elementor-widget-container\">\n\t\t\t            <div class=\"htmega-service htmega-service-style-2\" >\n                <a href=\"https:\/\/biotopik.org\/index.php\/les-outils-methodes\/\"><div class=\"icon\"><i aria-hidden=\"true\" class=\"fas fa-tools\"><\/i><\/div><\/a>                <div class=\"content\">\n                    <h4 class=\"service-title\"><a href=\" https:\/\/biotopik.org\/index.php\/les-outils-methodes\/ \">La Bo\u00eete \u00e0 outils<\/a><\/h4><p>et m\u00e9thodo, pour cuisiner vos projets\n<\/p>                <\/div>\n            <\/div>\n\n        \t\t<\/div>\n\t\t\t\t<\/div>\n\t\t\t\t\t<\/div>\n\t\t<\/div>\n\t\t\t\t\t\t\t<\/div>\n\t\t<\/section>\n\t\t\t\t\t\t<\/div>\n\t\t\t\t\t<\/div>\n\t\t","protected":false},"excerpt":{"rendered":"<p>&#8220;L&#8217;\u00e2me ne r\u00e9fl\u00e9chit jamais sans une image&#8221;, Aristote Le DESIGN de l&#8217;intervention : une co-conception en mode exploratoire&#8230; plongez ! Le DESIGN ou la conception du dispositif de l\u2019intervention un s\u00e9quencement d&#8217;actions dans un temps d\u00e9fini autour de valeurs et communs en analysant les blocages et leviers potentiels. Nous concevons nos interventions et nos missions [&hellip;]<\/p>\n","protected":false},"author":1,"featured_media":0,"parent":0,"menu_order":0,"comment_status":"closed","ping_status":"closed","template":"","meta":{"_monsterinsights_skip_tracking":false,"_monsterinsights_sitenote_active":false,"_monsterinsights_sitenote_note":"","_monsterinsights_sitenote_category":0,"footnotes":""},"_links":{"self":[{"href":"https:\/\/biotopik.org\/index.php\/wp-json\/wp\/v2\/pages\/1687"}],"collection":[{"href":"https:\/\/biotopik.org\/index.php\/wp-json\/wp\/v2\/pages"}],"about":[{"href":"https:\/\/biotopik.org\/index.php\/wp-json\/wp\/v2\/types\/page"}],"author":[{"embeddable":true,"href":"https:\/\/biotopik.org\/index.php\/wp-json\/wp\/v2\/users\/1"}],"replies":[{"embeddable":true,"href":"https:\/\/biotopik.org\/index.php\/wp-json\/wp\/v2\/comments?post=1687"}],"version-history":[{"count":91,"href":"https:\/\/biotopik.org\/index.php\/wp-json\/wp\/v2\/pages\/1687\/revisions"}],"predecessor-version":[{"id":3412,"href":"https:\/\/biotopik.org\/index.php\/wp-json\/wp\/v2\/pages\/1687\/revisions\/3412"}],"wp:attachment":[{"href":"https:\/\/biotopik.org\/index.php\/wp-json\/wp\/v2\/media?parent=1687"}],"curies":[{"name":"wp","href":"https:\/\/api.w.org\/{rel}","templated":true}]}}