{"id":1689,"date":"2021-11-17T14:58:20","date_gmt":"2021-11-17T13:58:20","guid":{"rendered":"https:\/\/biotopik.org\/?page_id=1689"},"modified":"2022-02-24T13:13:40","modified_gmt":"2022-02-24T12:13:40","slug":"les-ateliers-participatifs","status":"publish","type":"page","link":"https:\/\/biotopik.org\/index.php\/les-ateliers-participatifs\/","title":{"rendered":"Les ateliers participatifs"},"content":{"rendered":"\t\t<div data-elementor-type=\"wp-page\" data-elementor-id=\"1689\" class=\"elementor elementor-1689\" data-elementor-settings=\"[]\">\n\t\t\t\t\t\t\t<div class=\"elementor-section-wrap\">\n\t\t\t\t\t\t\t<section class=\"elementor-section elementor-top-section elementor-element elementor-element-7ba7117 elementor-section-boxed elementor-section-height-default elementor-section-height-default\" data-id=\"7ba7117\" data-element_type=\"section\">\n\t\t\t\t\t\t\t<div class=\"elementor-background-overlay\"><\/div>\n\t\t\t\t\t\t\t<div class=\"elementor-container elementor-column-gap-default\">\n\t\t\t\t\t<div class=\"elementor-column elementor-col-100 elementor-top-column elementor-element elementor-element-76d1ea2\" data-id=\"76d1ea2\" data-element_type=\"column\">\n\t\t\t<div class=\"elementor-widget-wrap elementor-element-populated\">\n\t\t\t\t\t\t\t\t<div class=\"elementor-element elementor-element-b03fb80 elementor-widget elementor-widget-heading\" data-id=\"b03fb80\" data-element_type=\"widget\" data-widget_type=\"heading.default\">\n\t\t\t\t<div class=\"elementor-widget-container\">\n\t\t\t<h1 class=\"elementor-heading-title elementor-size-default\">\"Rassemblons-nous, mais ne nous ressemblons pas !\"<\/h1>\t\t<\/div>\n\t\t\t\t<\/div>\n\t\t\t\t\t<\/div>\n\t\t<\/div>\n\t\t\t\t\t\t\t<\/div>\n\t\t<\/section>\n\t\t\t\t<section class=\"elementor-section elementor-top-section elementor-element elementor-element-43e47c0 elementor-section-boxed elementor-section-height-default elementor-section-height-default\" data-id=\"43e47c0\" data-element_type=\"section\">\n\t\t\t\t\t\t<div class=\"elementor-container elementor-column-gap-default\">\n\t\t\t\t\t<div class=\"elementor-column elementor-col-100 elementor-top-column elementor-element elementor-element-aa10a03\" data-id=\"aa10a03\" data-element_type=\"column\">\n\t\t\t<div class=\"elementor-widget-wrap elementor-element-populated\">\n\t\t\t\t\t\t\t\t<div class=\"elementor-element elementor-element-904d8d3 elementor-widget elementor-widget-spacer\" data-id=\"904d8d3\" data-element_type=\"widget\" data-widget_type=\"spacer.default\">\n\t\t\t\t<div class=\"elementor-widget-container\">\n\t\t\t\t\t<div class=\"elementor-spacer\">\n\t\t\t<div class=\"elementor-spacer-inner\"><\/div>\n\t\t<\/div>\n\t\t\t\t<\/div>\n\t\t\t\t<\/div>\n\t\t\t\t<div class=\"elementor-element elementor-element-f192e43 elementor-widget elementor-widget-heading\" data-id=\"f192e43\" data-element_type=\"widget\" data-widget_type=\"heading.default\">\n\t\t\t\t<div class=\"elementor-widget-container\">\n\t\t\t<h2 class=\"elementor-heading-title elementor-size-default\">L'ATELIER, le coeur du dispositif<\/h2>\t\t<\/div>\n\t\t\t\t<\/div>\n\t\t\t\t<div class=\"elementor-element elementor-element-55d44b8 elementor-widget elementor-widget-spacer\" data-id=\"55d44b8\" data-element_type=\"widget\" data-widget_type=\"spacer.default\">\n\t\t\t\t<div class=\"elementor-widget-container\">\n\t\t\t\t\t<div class=\"elementor-spacer\">\n\t\t\t<div class=\"elementor-spacer-inner\"><\/div>\n\t\t<\/div>\n\t\t\t\t<\/div>\n\t\t\t\t<\/div>\n\t\t\t\t\t<\/div>\n\t\t<\/div>\n\t\t\t\t\t\t\t<\/div>\n\t\t<\/section>\n\t\t\t\t<section class=\"elementor-section elementor-top-section elementor-element elementor-element-f7057c0 elementor-section-boxed elementor-section-height-default elementor-section-height-default\" data-id=\"f7057c0\" data-element_type=\"section\">\n\t\t\t\t\t\t\t<div class=\"elementor-background-overlay\"><\/div>\n\t\t\t\t\t\t\t<div class=\"elementor-container elementor-column-gap-default\">\n\t\t\t\t\t<div class=\"elementor-column elementor-col-16 elementor-top-column elementor-element elementor-element-4cd748c\" data-id=\"4cd748c\" data-element_type=\"column\">\n\t\t\t<div class=\"elementor-widget-wrap elementor-element-populated\">\n\t\t\t\t\t\t\t\t<div class=\"elementor-element elementor-element-ce36541 elementor-widget elementor-widget-image\" data-id=\"ce36541\" data-element_type=\"widget\" data-widget_type=\"image.default\">\n\t\t\t\t<div class=\"elementor-widget-container\">\n\t\t\t\t\t\t\t\t\t\t\t\t\t\t\t<img decoding=\"async\" loading=\"lazy\" width=\"1000\" height=\"750\" src=\"https:\/\/biotopik.org\/wp-content\/uploads\/2021\/11\/IMG_tables.jpg\" class=\"attachment-full size-full\" alt=\"\" srcset=\"https:\/\/biotopik.org\/wp-content\/uploads\/2021\/11\/IMG_tables.jpg 1000w, https:\/\/biotopik.org\/wp-content\/uploads\/2021\/11\/IMG_tables-300x225.jpg 300w, https:\/\/biotopik.org\/wp-content\/uploads\/2021\/11\/IMG_tables-768x576.jpg 768w, https:\/\/biotopik.org\/wp-content\/uploads\/2021\/11\/IMG_tables-580x436.jpg 580w\" sizes=\"(max-width: 1000px) 100vw, 1000px\" \/>\t\t\t\t\t\t\t\t\t\t\t\t\t\t\t<\/div>\n\t\t\t\t<\/div>\n\t\t\t\t\t<\/div>\n\t\t<\/div>\n\t\t\t\t<div class=\"elementor-column elementor-col-66 elementor-top-column elementor-element elementor-element-a0ca803\" data-id=\"a0ca803\" data-element_type=\"column\">\n\t\t\t<div class=\"elementor-widget-wrap elementor-element-populated\">\n\t\t\t\t\t\t\t\t<div class=\"elementor-element elementor-element-f8a2262 elementor-widget elementor-widget-text-editor\" data-id=\"f8a2262\" data-element_type=\"widget\" data-widget_type=\"text-editor.default\">\n\t\t\t\t<div class=\"elementor-widget-container\">\n\t\t\t\t\t\t\t<p><b>Postulat<\/b> : le groupe est bon pour traiter la probl\u00e9matique.<\/p>\n<p>C&#8217;est le moment de faire confiance au collectif et \u00e0 la facilitation, c&#8217;est le moment de production et l&#8217;acc\u00e9l\u00e9rateur de liens et de valorisation des qualit\u00e9s de chacun. Le groupe est guid\u00e9 par le facilitateur dans un process tr\u00e8s cadr\u00e9, s&#8217;engage \u00e0 \u00eatre pleinement pr\u00e9sent, et s\u00e9curis\u00e9 par la membrane.<\/p>\n<p>1. En cercle et la parole au centre<\/p>\n<p>2.Tour d\u2019inclusion \/ Accueil centrage et engagement de chacun dans le collectif<\/p>\n<p>3.Mobilisation d\u2019un des outils mentionn\u00e9s plus haut en atelier participatif \/ par petits groupes et ou pl\u00e9ni\u00e8re<\/p>\n<p>4.Partage de la production<\/p>\n<p>5.Tour de d\u00e9clusion \/ remobiliser les points forts et les frustrations \u00e9ventuelles de la s\u00e9ance, pour pouvoir quitter le collectif.<\/p>\n<p>La posture de la <b>facilitatrice <\/b>est assez proche de celle d&#8217;une <b>sage femme<\/b>&#8230; il\/elle s\u00e9curise, met en place le cadre de l&#8217;intervention et accouche le collectif, accueille le b\u00e9b\u00e9 et le livre pr\u00e9cautionneusement au collectif pour qu&#8217;il en prenne soin et le fasse grandir.<\/p>\n<p>La production n&#8217;est jamais connue \u00e0 l&#8217;avance, elle est unique, car le fruit de l&#8217;intelligence sp\u00e9cifique du groupe.<\/p>\n<p><b>Nous vous invitons \u00e0 venir le vivre avec nous, vous constaterez que chaque atelier est unique et un moment<\/b> <b>\u00e9tonnamment intense et f\u00e9cond, \u00e0 la fois dans la production tangible et in<\/b>tangible (relations entre les participants).<\/p>\t\t\t\t\t\t<\/div>\n\t\t\t\t<\/div>\n\t\t\t\t\t<\/div>\n\t\t<\/div>\n\t\t\t\t<div class=\"elementor-column elementor-col-16 elementor-top-column elementor-element elementor-element-886680c\" data-id=\"886680c\" data-element_type=\"column\">\n\t\t\t<div class=\"elementor-widget-wrap elementor-element-populated\">\n\t\t\t\t\t\t\t\t<div class=\"elementor-element elementor-element-221e339 elementor-widget elementor-widget-image\" data-id=\"221e339\" data-element_type=\"widget\" data-widget_type=\"image.default\">\n\t\t\t\t<div class=\"elementor-widget-container\">\n\t\t\t\t\t\t\t\t\t\t\t\t\t\t\t<img decoding=\"async\" loading=\"lazy\" width=\"640\" height=\"480\" src=\"https:\/\/biotopik.org\/wp-content\/uploads\/2021\/11\/IMG_pleniere.jpg\" class=\"attachment-large size-large\" alt=\"\" srcset=\"https:\/\/biotopik.org\/wp-content\/uploads\/2021\/11\/IMG_pleniere.jpg 1000w, https:\/\/biotopik.org\/wp-content\/uploads\/2021\/11\/IMG_pleniere-300x225.jpg 300w, https:\/\/biotopik.org\/wp-content\/uploads\/2021\/11\/IMG_pleniere-768x576.jpg 768w, https:\/\/biotopik.org\/wp-content\/uploads\/2021\/11\/IMG_pleniere-580x436.jpg 580w\" sizes=\"(max-width: 640px) 100vw, 640px\" \/>\t\t\t\t\t\t\t\t\t\t\t\t\t\t\t<\/div>\n\t\t\t\t<\/div>\n\t\t\t\t\t<\/div>\n\t\t<\/div>\n\t\t\t\t\t\t\t<\/div>\n\t\t<\/section>\n\t\t\t\t<section class=\"elementor-section elementor-top-section elementor-element elementor-element-bccca0d elementor-section-boxed elementor-section-height-default elementor-section-height-default\" data-id=\"bccca0d\" data-element_type=\"section\">\n\t\t\t\t\t\t\t<div class=\"elementor-background-overlay\"><\/div>\n\t\t\t\t\t\t\t<div class=\"elementor-container elementor-column-gap-default\">\n\t\t\t\t\t<div class=\"elementor-column elementor-col-100 elementor-top-column elementor-element elementor-element-bffb026\" data-id=\"bffb026\" data-element_type=\"column\">\n\t\t\t<div class=\"elementor-widget-wrap elementor-element-populated\">\n\t\t\t\t\t\t\t\t<div class=\"elementor-element elementor-element-a09bd94 elementor-widget elementor-widget-text-editor\" data-id=\"a09bd94\" data-element_type=\"widget\" data-widget_type=\"text-editor.default\">\n\t\t\t\t<div class=\"elementor-widget-container\">\n\t\t\t\t\t\t\t<p><b>Ce qu&#8217;il nous faut<\/b> :&nbsp;<\/p>\n<p>une salle, conviviale avec suffisamment de murs pour \u00e9pingler nos productions, des feuilles de paper board, des feutres, des post-its, th\u00e9, caf\u00e9 et quelques biscuits&#8230; et surtout des participants !<\/p>\n<p><i>C&#8217;est parti pour une exploration collective !<\/i><\/p>\t\t\t\t\t\t<\/div>\n\t\t\t\t<\/div>\n\t\t\t\t\t<\/div>\n\t\t<\/div>\n\t\t\t\t\t\t\t<\/div>\n\t\t<\/section>\n\t\t\t\t<section class=\"elementor-section elementor-top-section elementor-element elementor-element-bae1a7f elementor-section-boxed elementor-section-height-default elementor-section-height-default\" data-id=\"bae1a7f\" data-element_type=\"section\">\n\t\t\t\t\t\t<div class=\"elementor-container elementor-column-gap-default\">\n\t\t\t\t\t<div class=\"elementor-column elementor-col-33 elementor-top-column elementor-element elementor-element-94151c8\" data-id=\"94151c8\" data-element_type=\"column\">\n\t\t\t<div class=\"elementor-widget-wrap elementor-element-populated\">\n\t\t\t\t\t\t\t\t<div class=\"elementor-element elementor-element-2bd5665 elementor-widget elementor-widget-spacer\" data-id=\"2bd5665\" data-element_type=\"widget\" data-widget_type=\"spacer.default\">\n\t\t\t\t<div class=\"elementor-widget-container\">\n\t\t\t\t\t<div class=\"elementor-spacer\">\n\t\t\t<div class=\"elementor-spacer-inner\"><\/div>\n\t\t<\/div>\n\t\t\t\t<\/div>\n\t\t\t\t<\/div>\n\t\t\t\t<div class=\"elementor-element elementor-element-14f3c27 elementor-widget elementor-widget-htmega-service-addons\" data-id=\"14f3c27\" data-element_type=\"widget\" data-widget_type=\"htmega-service-addons.default\">\n\t\t\t\t<div class=\"elementor-widget-container\">\n\t\t\t            <div class=\"htmega-service htmega-service-style-2\" >\n                <a href=\"https:\/\/biotopik.org\/index.php\/loffre\/\"><div class=\"icon\"><i aria-hidden=\"true\" class=\"far fa-gem\"><\/i><\/div><\/a>                <div class=\"content\">\n                    <h4 class=\"service-title\"><a href=\" https:\/\/biotopik.org\/index.php\/loffre\/ \">L'offre<\/a><\/h4><p>notre accompagnement\n<\/p>                <\/div>\n            <\/div>\n\n        \t\t<\/div>\n\t\t\t\t<\/div>\n\t\t\t\t<div class=\"elementor-element elementor-element-e2de46c elementor-widget elementor-widget-spacer\" data-id=\"e2de46c\" data-element_type=\"widget\" data-widget_type=\"spacer.default\">\n\t\t\t\t<div class=\"elementor-widget-container\">\n\t\t\t\t\t<div class=\"elementor-spacer\">\n\t\t\t<div class=\"elementor-spacer-inner\"><\/div>\n\t\t<\/div>\n\t\t\t\t<\/div>\n\t\t\t\t<\/div>\n\t\t\t\t\t<\/div>\n\t\t<\/div>\n\t\t\t\t<div class=\"elementor-column elementor-col-33 elementor-top-column elementor-element elementor-element-9e32e6d\" data-id=\"9e32e6d\" data-element_type=\"column\">\n\t\t\t<div class=\"elementor-widget-wrap elementor-element-populated\">\n\t\t\t\t\t\t\t\t<div class=\"elementor-element elementor-element-4c97d14 elementor-widget elementor-widget-spacer\" data-id=\"4c97d14\" data-element_type=\"widget\" data-widget_type=\"spacer.default\">\n\t\t\t\t<div class=\"elementor-widget-container\">\n\t\t\t\t\t<div class=\"elementor-spacer\">\n\t\t\t<div class=\"elementor-spacer-inner\"><\/div>\n\t\t<\/div>\n\t\t\t\t<\/div>\n\t\t\t\t<\/div>\n\t\t\t\t<div class=\"elementor-element elementor-element-041252f elementor-widget elementor-widget-htmega-service-addons\" data-id=\"041252f\" data-element_type=\"widget\" data-widget_type=\"htmega-service-addons.default\">\n\t\t\t\t<div class=\"elementor-widget-container\">\n\t\t\t            <div class=\"htmega-service htmega-service-style-2\" >\n                <a href=\"https:\/\/biotopik.org\/index.php\/les-ateliers\/\"><div class=\"icon\"><i aria-hidden=\"true\" class=\"fas fa-users\"><\/i><\/div><\/a>                <div class=\"content\">\n                    <h4 class=\"service-title\"><a href=\" https:\/\/biotopik.org\/index.php\/les-ateliers\/ \">Les Ateliers<\/a><\/h4><p>Comment se d\u00e9roule une session ?\n<\/p>                <\/div>\n            <\/div>\n\n        \t\t<\/div>\n\t\t\t\t<\/div>\n\t\t\t\t\t<\/div>\n\t\t<\/div>\n\t\t\t\t<div class=\"elementor-column elementor-col-33 elementor-top-column elementor-element elementor-element-c72a6ab\" data-id=\"c72a6ab\" data-element_type=\"column\">\n\t\t\t<div class=\"elementor-widget-wrap elementor-element-populated\">\n\t\t\t\t\t\t\t\t<div class=\"elementor-element elementor-element-5f641a7 elementor-widget elementor-widget-spacer\" data-id=\"5f641a7\" data-element_type=\"widget\" data-widget_type=\"spacer.default\">\n\t\t\t\t<div class=\"elementor-widget-container\">\n\t\t\t\t\t<div class=\"elementor-spacer\">\n\t\t\t<div class=\"elementor-spacer-inner\"><\/div>\n\t\t<\/div>\n\t\t\t\t<\/div>\n\t\t\t\t<\/div>\n\t\t\t\t<div class=\"elementor-element elementor-element-c52b320 elementor-widget elementor-widget-htmega-service-addons\" data-id=\"c52b320\" data-element_type=\"widget\" data-widget_type=\"htmega-service-addons.default\">\n\t\t\t\t<div class=\"elementor-widget-container\">\n\t\t\t            <div class=\"htmega-service htmega-service-style-2\" >\n                <a href=\"https:\/\/biotopik.org\/index.php\/les-outils-methodes\/\"><div class=\"icon\"><i aria-hidden=\"true\" class=\"fas fa-tools\"><\/i><\/div><\/a>                <div class=\"content\">\n                    <h4 class=\"service-title\"><a href=\" https:\/\/biotopik.org\/index.php\/les-outils-methodes\/ \">La Bo\u00eete \u00e0 outils<\/a><\/h4><p>et m\u00e9thodo, pour cuisiner vos projets\n<\/p>                <\/div>\n            <\/div>\n\n        \t\t<\/div>\n\t\t\t\t<\/div>\n\t\t\t\t\t<\/div>\n\t\t<\/div>\n\t\t\t\t\t\t\t<\/div>\n\t\t<\/section>\n\t\t\t\t\t\t<\/div>\n\t\t\t\t\t<\/div>\n\t\t","protected":false},"excerpt":{"rendered":"<p>&#8220;Rassemblons-nous, mais ne nous ressemblons pas !&#8221; L&#8217;ATELIER, le coeur du dispositif Postulat : le groupe est bon pour traiter la probl\u00e9matique. C&#8217;est le moment de faire confiance au collectif et \u00e0 la facilitation, c&#8217;est le moment de production et l&#8217;acc\u00e9l\u00e9rateur de liens et de valorisation des qualit\u00e9s de chacun. Le groupe est guid\u00e9 par [&hellip;]<\/p>\n","protected":false},"author":1,"featured_media":0,"parent":0,"menu_order":0,"comment_status":"closed","ping_status":"closed","template":"","meta":{"_monsterinsights_skip_tracking":false,"_monsterinsights_sitenote_active":false,"_monsterinsights_sitenote_note":"","_monsterinsights_sitenote_category":0,"footnotes":""},"_links":{"self":[{"href":"https:\/\/biotopik.org\/index.php\/wp-json\/wp\/v2\/pages\/1689"}],"collection":[{"href":"https:\/\/biotopik.org\/index.php\/wp-json\/wp\/v2\/pages"}],"about":[{"href":"https:\/\/biotopik.org\/index.php\/wp-json\/wp\/v2\/types\/page"}],"author":[{"embeddable":true,"href":"https:\/\/biotopik.org\/index.php\/wp-json\/wp\/v2\/users\/1"}],"replies":[{"embeddable":true,"href":"https:\/\/biotopik.org\/index.php\/wp-json\/wp\/v2\/comments?post=1689"}],"version-history":[{"count":92,"href":"https:\/\/biotopik.org\/index.php\/wp-json\/wp\/v2\/pages\/1689\/revisions"}],"predecessor-version":[{"id":3437,"href":"https:\/\/biotopik.org\/index.php\/wp-json\/wp\/v2\/pages\/1689\/revisions\/3437"}],"wp:attachment":[{"href":"https:\/\/biotopik.org\/index.php\/wp-json\/wp\/v2\/media?parent=1689"}],"curies":[{"name":"wp","href":"https:\/\/api.w.org\/{rel}","templated":true}]}}