{"id":1694,"date":"2021-11-17T14:59:37","date_gmt":"2021-11-17T13:59:37","guid":{"rendered":"https:\/\/biotopik.org\/?page_id=1694"},"modified":"2022-02-24T13:29:59","modified_gmt":"2022-02-24T12:29:59","slug":"les-outils-methodes","status":"publish","type":"page","link":"https:\/\/biotopik.org\/index.php\/les-outils-methodes\/","title":{"rendered":"Les outils &#038; m\u00e9thodes"},"content":{"rendered":"\t\t<div data-elementor-type=\"wp-page\" data-elementor-id=\"1694\" class=\"elementor elementor-1694\" data-elementor-settings=\"[]\">\n\t\t\t\t\t\t\t<div class=\"elementor-section-wrap\">\n\t\t\t\t\t\t\t<section class=\"elementor-section elementor-top-section elementor-element elementor-element-e1fc389 elementor-section-boxed elementor-section-height-default elementor-section-height-default\" data-id=\"e1fc389\" data-element_type=\"section\">\n\t\t\t\t\t\t\t<div class=\"elementor-background-overlay\"><\/div>\n\t\t\t\t\t\t\t<div class=\"elementor-container elementor-column-gap-default\">\n\t\t\t\t\t<div class=\"elementor-column elementor-col-100 elementor-top-column elementor-element elementor-element-e99f0b9\" data-id=\"e99f0b9\" data-element_type=\"column\">\n\t\t\t<div class=\"elementor-widget-wrap elementor-element-populated\">\n\t\t\t\t\t\t\t\t<div class=\"elementor-element elementor-element-01adbcd elementor-widget elementor-widget-text-editor\" data-id=\"01adbcd\" data-element_type=\"widget\" data-widget_type=\"text-editor.default\">\n\t\t\t\t<div class=\"elementor-widget-container\">\n\t\t\t\t\t\t\t<p>Un outil est une cl\u00e9 pour ouvrir une porte sur des possibles&#8230; sans casse et en douceur !<\/p>\t\t\t\t\t\t<\/div>\n\t\t\t\t<\/div>\n\t\t\t\t\t<\/div>\n\t\t<\/div>\n\t\t\t\t\t\t\t<\/div>\n\t\t<\/section>\n\t\t\t\t<section class=\"elementor-section elementor-top-section elementor-element elementor-element-3ae3341 elementor-section-boxed elementor-section-height-default elementor-section-height-default\" data-id=\"3ae3341\" data-element_type=\"section\">\n\t\t\t\t\t\t\t<div class=\"elementor-background-overlay\"><\/div>\n\t\t\t\t\t\t\t<div class=\"elementor-container elementor-column-gap-default\">\n\t\t\t\t\t<div class=\"elementor-column elementor-col-100 elementor-top-column elementor-element elementor-element-e4be2c3\" data-id=\"e4be2c3\" data-element_type=\"column\">\n\t\t\t<div class=\"elementor-widget-wrap elementor-element-populated\">\n\t\t\t\t\t\t\t\t<div class=\"elementor-element elementor-element-4fcfef0 elementor-widget elementor-widget-spacer\" data-id=\"4fcfef0\" data-element_type=\"widget\" data-widget_type=\"spacer.default\">\n\t\t\t\t<div class=\"elementor-widget-container\">\n\t\t\t\t\t<div class=\"elementor-spacer\">\n\t\t\t<div class=\"elementor-spacer-inner\"><\/div>\n\t\t<\/div>\n\t\t\t\t<\/div>\n\t\t\t\t<\/div>\n\t\t\t\t<div class=\"elementor-element elementor-element-85bde0f elementor-widget elementor-widget-text-editor\" data-id=\"85bde0f\" data-element_type=\"widget\" data-widget_type=\"text-editor.default\">\n\t\t\t\t<div class=\"elementor-widget-container\">\n\t\t\t\t\t\t\t<p>Les OUTILS &amp; METHODES, ouvrons la bo\u00eete<\/p>\t\t\t\t\t\t<\/div>\n\t\t\t\t<\/div>\n\t\t\t\t<div class=\"elementor-element elementor-element-7f444c8 elementor-widget elementor-widget-spacer\" data-id=\"7f444c8\" data-element_type=\"widget\" data-widget_type=\"spacer.default\">\n\t\t\t\t<div class=\"elementor-widget-container\">\n\t\t\t\t\t<div class=\"elementor-spacer\">\n\t\t\t<div class=\"elementor-spacer-inner\"><\/div>\n\t\t<\/div>\n\t\t\t\t<\/div>\n\t\t\t\t<\/div>\n\t\t\t\t\t<\/div>\n\t\t<\/div>\n\t\t\t\t\t\t\t<\/div>\n\t\t<\/section>\n\t\t\t\t<section class=\"elementor-section elementor-top-section elementor-element elementor-element-aa4e859 elementor-section-boxed elementor-section-height-default elementor-section-height-default\" data-id=\"aa4e859\" data-element_type=\"section\">\n\t\t\t\t\t\t\t<div class=\"elementor-background-overlay\"><\/div>\n\t\t\t\t\t\t\t<div class=\"elementor-container elementor-column-gap-default\">\n\t\t\t\t\t<div class=\"elementor-column elementor-col-100 elementor-top-column elementor-element elementor-element-bb77273\" data-id=\"bb77273\" data-element_type=\"column\">\n\t\t\t<div class=\"elementor-widget-wrap elementor-element-populated\">\n\t\t\t\t\t\t\t\t<div class=\"elementor-element elementor-element-168c2c0 elementor-widget elementor-widget-text-editor\" data-id=\"168c2c0\" data-element_type=\"widget\" data-widget_type=\"text-editor.default\">\n\t\t\t\t<div class=\"elementor-widget-container\">\n\t\t\t\t\t\t\t<p>Avez-vous d\u00e9j\u00e0 essay\u00e9 d&#8217;utiliser un marteau \u00e0 plusieurs ? En l&#8217;absence de r\u00e8gles et d&#8217;un cadre strict de s\u00e9curit\u00e9, le sang coulera \u00e0 coup s\u00fbr !\u00a0<\/p><p>C&#8217;est pourquoi nous assortissons notre mallette d&#8217;outils, des principes de l&#8217;intelligence collective, qui constituent l&#8217;assurance de l&#8217;int\u00e9grit\u00e9 de votre collectif.\u00a0<\/p><p>Nous vous pr\u00e9sentons ci-dessous une liste non-exhaustive des outils que nous aimons vous faire exp\u00e9rimenter, issus des <u>disciplines <\/u>suivantes : Intelligence Collective, Syst\u00e9mique, Prospective, Sociocratie, Biomim\u00e9tisme&#8230;<\/p><p>Vous pourrez vous amuser \u00e0 ranger les outils dans les bo\u00eetes !\u00a0<\/p>\t\t\t\t\t\t<\/div>\n\t\t\t\t<\/div>\n\t\t\t\t\t<\/div>\n\t\t<\/div>\n\t\t\t\t\t\t\t<\/div>\n\t\t<\/section>\n\t\t\t\t<section class=\"elementor-section elementor-top-section elementor-element elementor-element-04199ff elementor-section-boxed elementor-section-height-default elementor-section-height-default\" data-id=\"04199ff\" data-element_type=\"section\">\n\t\t\t\t\t\t\t<div class=\"elementor-background-overlay\"><\/div>\n\t\t\t\t\t\t\t<div class=\"elementor-container elementor-column-gap-default\">\n\t\t\t\t\t<div class=\"elementor-column elementor-col-100 elementor-top-column elementor-element elementor-element-caf9a7c\" data-id=\"caf9a7c\" data-element_type=\"column\">\n\t\t\t<div class=\"elementor-widget-wrap elementor-element-populated\">\n\t\t\t\t\t\t\t\t<div class=\"elementor-element elementor-element-72bfdd1 elementor-widget elementor-widget-text-editor\" data-id=\"72bfdd1\" data-element_type=\"widget\" data-widget_type=\"text-editor.default\">\n\t\t\t\t<div class=\"elementor-widget-container\">\n\t\t\t\t\t\t\t<p><strong>LE<\/strong> <b>WORLD CAFE<\/b><\/p><ul><li><b>Quoi <\/b>: processus d\u2019\u00e9changes cr\u00e9atifs visant \u00e0 partager des connaissances et <b>faire \u00e9merger des id\u00e9es et des initiatives <\/b>au sein d\u2019un groupe r\u00e9uni autour d\u2019un th\u00e8me ou d\u2019un projet commun<\/li><li><b>Pourquoi <\/b>: pour trouver ensemble des solutions de mani\u00e8re cr\u00e9ative. Faire \u00e9merger les premi\u00e8res id\u00e9es, prendre la temp\u00e9rature, cr\u00e9er un premier contact dans un groupe \u00e9mergeant.<\/li><li><b>Dispositif <\/b>: &gt;15 personnes, lieu spacieux et convivial, on reproduit l\u2019ambiance d\u2019un caf\u00e9 o\u00f9 les participants sont r\u00e9unis en petits groupes de 3 \u00e0 5 personnes autour de tables. A intervalles r\u00e9guliers, les participants changent de table \u00e0 l\u2019exception d\u2019un d\u2019entre eux. Les conversations se f\u00e9condent les unes les autres. A l\u2019issue du processus, les principales id\u00e9es et les axes de suivi sont r\u00e9sum\u00e9s en pl\u00e9ni\u00e8re.<\/li><\/ul>\t\t\t\t\t\t<\/div>\n\t\t\t\t<\/div>\n\t\t\t\t\t<\/div>\n\t\t<\/div>\n\t\t\t\t\t\t\t<\/div>\n\t\t<\/section>\n\t\t\t\t<section class=\"elementor-section elementor-top-section elementor-element elementor-element-73c3446 elementor-section-boxed elementor-section-height-default elementor-section-height-default\" data-id=\"73c3446\" data-element_type=\"section\">\n\t\t\t\t\t\t\t<div class=\"elementor-background-overlay\"><\/div>\n\t\t\t\t\t\t\t<div class=\"elementor-container elementor-column-gap-default\">\n\t\t\t\t\t<div class=\"elementor-column elementor-col-100 elementor-top-column elementor-element elementor-element-07f92ba\" data-id=\"07f92ba\" data-element_type=\"column\">\n\t\t\t<div class=\"elementor-widget-wrap elementor-element-populated\">\n\t\t\t\t\t\t\t\t<div class=\"elementor-element elementor-element-8628fbe elementor-widget elementor-widget-text-editor\" data-id=\"8628fbe\" data-element_type=\"widget\" data-widget_type=\"text-editor.default\">\n\t\t\t\t<div class=\"elementor-widget-container\">\n\t\t\t\t\t\t\t<p><strong>PRO ACTION CAFE<\/strong><\/p><ul><li><b>Quoi <\/b>: un outil permettant de <b>faire avancer un projet ou une difficult\u00e9 <\/b>en partageant toutes les ressources pr\u00e9sentes, faisant de tous les participants les experts n\u00e9cessaires \u00e0 l\u2019avanc\u00e9e d\u2019un projet individuel ou collectif. Il ressert les liens de la communaut\u00e9, valorise tous les savoirs et les talents existants.<\/li><li><b>Pourquoi <\/b>: construire la solidarit\u00e9, partager les savoirs en \u00e9quipe, coacher collectivement des porteurs de projets, se superviser\u2026<\/li><li><b>Dispositif <\/b>: 12 \u00e0 40 personnes. \u00bc des personnes pr\u00e9sentes adressent au groupe une question, un difficult\u00e9 rencontr\u00e9e dans la conduite d\u2019un projet et de b\u00e9n\u00e9ficier des apports des autres participants. 4 questions sont pos\u00e9es \u00e0 l\u2019ensemble du groupe. Un dernier temps de restitution en grand groupe cl\u00f4ture le processus.<\/li><\/ul>\t\t\t\t\t\t<\/div>\n\t\t\t\t<\/div>\n\t\t\t\t\t<\/div>\n\t\t<\/div>\n\t\t\t\t\t\t\t<\/div>\n\t\t<\/section>\n\t\t\t\t<section class=\"elementor-section elementor-top-section elementor-element elementor-element-886ae2f elementor-section-boxed elementor-section-height-default elementor-section-height-default\" data-id=\"886ae2f\" data-element_type=\"section\">\n\t\t\t\t\t\t\t<div class=\"elementor-background-overlay\"><\/div>\n\t\t\t\t\t\t\t<div class=\"elementor-container elementor-column-gap-default\">\n\t\t\t\t\t<div class=\"elementor-column elementor-col-100 elementor-top-column elementor-element elementor-element-39d6581\" data-id=\"39d6581\" data-element_type=\"column\">\n\t\t\t<div class=\"elementor-widget-wrap elementor-element-populated\">\n\t\t\t\t\t\t\t\t<div class=\"elementor-element elementor-element-13c4974 elementor-widget elementor-widget-text-editor\" data-id=\"13c4974\" data-element_type=\"widget\" data-widget_type=\"text-editor.default\">\n\t\t\t\t<div class=\"elementor-widget-container\">\n\t\t\t\t\t\t\t<p><b>PARALL\u2019AXE<\/b>, m\u00e9thode de r\u00e9flexions parall\u00e8les (que nous devons \u00e0 <u>Marine Simon<\/u> et inspir\u00e9e des Chapeaux de Bono)<\/p><ul><li><b>Quoi <\/b>: penser ensemble, en parall\u00e8le, c\u2019est-\u00e0-dire en s\u00e9parant les diff\u00e9rents types de r\u00e9flexion permet de b\u00e9n\u00e9ficier des <b>apports de tous les points de vue<\/b> (au sens propre et figur\u00e9) sans que ceux-ci ne s\u2019annulent. Elle consiste en des tours de parole diff\u00e9renci\u00e9s par type de r\u00e9flexion.<\/li><li><b>Pourquoi :<\/b>\u00a0trouver ensemble des solutions de mani\u00e8re cr\u00e9ative, faire d\u00e9marrer ou rebondir un projet, chercher des solutions \u00e0 un probl\u00e8me, pr\u00e9parer une \u00e9lection sans candidat\u2026 Elle favorise l\u2019\u00e9mergence de solutions nouvelles, inexplor\u00e9es, g\u00e9n\u00e9ralement dissimul\u00e9es derri\u00e8re les d\u00e9bats et tentations de d\u00e9terminer qui a raison.<\/li><li><b>Dispositif\u00a0 <\/b>&lt; 15 personnes. Tours de parole, un axe \u00e0 la fois : il y a un temps pour d\u00e9finir un objectif ou des crit\u00e8res, un temps pour clarifier des besoins ou des b\u00e9n\u00e9fices attendus, un autre pour collecter de nouvelles id\u00e9es, un pour rep\u00e9rer des dangers\u2026<\/li><\/ul>\t\t\t\t\t\t<\/div>\n\t\t\t\t<\/div>\n\t\t\t\t\t<\/div>\n\t\t<\/div>\n\t\t\t\t\t\t\t<\/div>\n\t\t<\/section>\n\t\t\t\t<section class=\"elementor-section elementor-top-section elementor-element elementor-element-46153ba elementor-section-boxed elementor-section-height-default elementor-section-height-default\" data-id=\"46153ba\" data-element_type=\"section\">\n\t\t\t\t\t\t\t<div class=\"elementor-background-overlay\"><\/div>\n\t\t\t\t\t\t\t<div class=\"elementor-container elementor-column-gap-default\">\n\t\t\t\t\t<div class=\"elementor-column elementor-col-100 elementor-top-column elementor-element elementor-element-b245923\" data-id=\"b245923\" data-element_type=\"column\">\n\t\t\t<div class=\"elementor-widget-wrap elementor-element-populated\">\n\t\t\t\t\t\t\t\t<div class=\"elementor-element elementor-element-78c5111 elementor-widget elementor-widget-text-editor\" data-id=\"78c5111\" data-element_type=\"widget\" data-widget_type=\"text-editor.default\">\n\t\t\t\t<div class=\"elementor-widget-container\">\n\t\t\t\t\t\t\t<p><b>LE STORY TELLING<\/b><\/p><ul><li><b>Quoi <\/b>: cr\u00e9er l&#8217;avenir collectivement, en <b>visionnant une situation de r\u00e9ussite <\/b>(apr\u00e8s la r\u00e9ussite, puis pendant et avant, sachant que nous avons r\u00e9ussi). Elle se fait par une mise en r\u00e9cit, une narration qui demande \u00e0 chacun de contacter sa part de cr\u00e9ativit\u00e9 et d&#8217;intention et de la partager avec les autres. C&#8217;est un processus de futurisation qui vise \u00e0 faire raconter l&#8217;histoire telle qu&#8217;elle se d\u00e9roulera, r\u00e9ussie. #<u>podcast Les Eclaireurs &#8211; Uchronies<\/u>.<\/li><li><b>Pourquoi <\/b>: f\u00e9d\u00e9rer une \u00e9quipe, un d\u00e9partement, un groupe transversal autour du projet qu&#8217;il a \u00e0 mener. Cr\u00e9er une r\u00e9f\u00e9rence commune, une vision, une intention commune. faire adh\u00e9rer durablement des personnes \u00e0 un projet. Autoriser le groupe \u00e0 r\u00eaver pour passer \u00e0 l&#8217;action.<\/li><li><b>Dispositif <\/b>: assis en cercle, chacun d\u00e9crit la situation actuelle, \u00e0 la date du jour. Puis chacun se d\u00e9cale d&#8217;une chaise pour passer \u00e0 la date de projection (1 an plus tard par exemple) : le facilitateur peut raconter le futur r\u00e9ussi, et chacun \u00e9crit au pr\u00e9sent comment \u00e7a se passe pour lui dans le projet, \u00e0 cette date, en ayant r\u00e9ussi. Un partage en petits groupes, puis un temps m\u00e9ta en pl\u00e9ni\u00e8re. Pour la suite, on d\u00e9clinera ensuite la Vision en Objectif G\u00e9n\u00e9ral et Objectifs sp\u00e9cifiques pour la rendre concr\u00e8te et ancr\u00e9e dans le quotidien (synth\u00e8se en mind mapping).<\/li><\/ul>\t\t\t\t\t\t<\/div>\n\t\t\t\t<\/div>\n\t\t\t\t\t<\/div>\n\t\t<\/div>\n\t\t\t\t\t\t\t<\/div>\n\t\t<\/section>\n\t\t\t\t<section class=\"elementor-section elementor-top-section elementor-element elementor-element-63a760a elementor-section-boxed elementor-section-height-default elementor-section-height-default\" data-id=\"63a760a\" data-element_type=\"section\">\n\t\t\t\t\t\t\t<div class=\"elementor-background-overlay\"><\/div>\n\t\t\t\t\t\t\t<div class=\"elementor-container elementor-column-gap-default\">\n\t\t\t\t\t<div class=\"elementor-column elementor-col-100 elementor-top-column elementor-element elementor-element-9507e13\" data-id=\"9507e13\" data-element_type=\"column\">\n\t\t\t<div class=\"elementor-widget-wrap elementor-element-populated\">\n\t\t\t\t\t\t\t\t<div class=\"elementor-element elementor-element-a9e188b elementor-widget elementor-widget-text-editor\" data-id=\"a9e188b\" data-element_type=\"widget\" data-widget_type=\"text-editor.default\">\n\t\t\t\t<div class=\"elementor-widget-container\">\n\t\t\t\t\t\t\t<p><b>LA DECISON PAR CONSENTEMENT<\/b><\/p><ul><li><b>Quoi <\/b>: outil structurant de la <u>Sociocratie<\/u>, pour <b>adopter collectivement une proposition<\/b>, en s&#8217;assurant de n&#8217;avoir aucune opposition vivante.<\/li><li><b>Pourquoi <\/b>: prendre une d\u00e9cision collective, chacun ayant le m\u00eame degr\u00e9 d&#8217;implication (une co-cr\u00e9ation).<\/li><li><b>Dispositif <\/b>: en cercle, pr\u00e9sentation de la proposition par son r\u00e9dacteur, le processus se d\u00e9roule suivant une succession de tours de parole, avec des clarifications\/r\u00e9actions\/amendements et un recueil d&#8217;objections et traitement des objections.<\/li><\/ul>\t\t\t\t\t\t<\/div>\n\t\t\t\t<\/div>\n\t\t\t\t\t<\/div>\n\t\t<\/div>\n\t\t\t\t\t\t\t<\/div>\n\t\t<\/section>\n\t\t\t\t<section class=\"elementor-section elementor-top-section elementor-element elementor-element-74bd2fe elementor-section-boxed elementor-section-height-default elementor-section-height-default\" data-id=\"74bd2fe\" data-element_type=\"section\">\n\t\t\t\t\t\t\t<div class=\"elementor-background-overlay\"><\/div>\n\t\t\t\t\t\t\t<div class=\"elementor-container elementor-column-gap-default\">\n\t\t\t\t\t<div class=\"elementor-column elementor-col-100 elementor-top-column elementor-element elementor-element-6065c27\" data-id=\"6065c27\" data-element_type=\"column\">\n\t\t\t<div class=\"elementor-widget-wrap elementor-element-populated\">\n\t\t\t\t\t\t\t\t<div class=\"elementor-element elementor-element-056e5e2 elementor-widget elementor-widget-text-editor\" data-id=\"056e5e2\" data-element_type=\"widget\" data-widget_type=\"text-editor.default\">\n\t\t\t\t<div class=\"elementor-widget-container\">\n\t\t\t\t\t\t\t<p><b>LE BIOMIMETISME<\/b><\/p><ul><li><b>Quoi <\/b>: trouver des solutions innovantes et \u00e0 impact positif qui s&#8217;inspirent du fonctionnement du vivant pour r\u00e9soudre, par une r\u00e9flexion collective et partag\u00e9e, une situation qui pose probl\u00e8me ou \u00e0 fort enjeu. le biomim\u00e9tisme est \u00e0 la fois une philosophie, une approche scientifique et une m\u00e9thodologie&#8230;<\/li><li><b>Pourquoi <\/b>: &#8230;pour s&#8217;inspirer de mod\u00e8les biologiques et concevoir les innovations soutenables et respectueuses de l&#8217;environnement. Suscite \u00e9merveillement et potentiel de cr\u00e9ativit\u00e9. Pour mettre au point des proc\u00e9d\u00e9s et organisations qui ouvrent le champ d&#8217;un d\u00e9veloppement plus durable de nos soci\u00e9t\u00e9s.<\/li><li><b>Dispositif <\/b>: le jeu des Principes du Vivant. Jeu de cartes, en \u00e9quipes, une phase d&#8217;id\u00e9ation (croisement de cartes Situation et Principes du Vivant), suivie d&#8217;une phase pr\u00e9sentation des solutions et d&#8217;une phase de Cl\u00f4ture (passage \u00e0 l&#8217;action).\u00a0<\/li><\/ul>\t\t\t\t\t\t<\/div>\n\t\t\t\t<\/div>\n\t\t\t\t\t<\/div>\n\t\t<\/div>\n\t\t\t\t\t\t\t<\/div>\n\t\t<\/section>\n\t\t\t\t<section class=\"elementor-section elementor-top-section elementor-element elementor-element-93aa672 elementor-section-boxed elementor-section-height-default elementor-section-height-default\" data-id=\"93aa672\" data-element_type=\"section\">\n\t\t\t\t\t\t\t<div class=\"elementor-background-overlay\"><\/div>\n\t\t\t\t\t\t\t<div class=\"elementor-container elementor-column-gap-default\">\n\t\t\t\t\t<div class=\"elementor-column elementor-col-100 elementor-top-column elementor-element elementor-element-27ee73a\" data-id=\"27ee73a\" data-element_type=\"column\">\n\t\t\t<div class=\"elementor-widget-wrap elementor-element-populated\">\n\t\t\t\t\t\t\t\t<div class=\"elementor-element elementor-element-2c3e4b3 elementor-widget elementor-widget-text-editor\" data-id=\"2c3e4b3\" data-element_type=\"widget\" data-widget_type=\"text-editor.default\">\n\t\t\t\t<div class=\"elementor-widget-container\">\n\t\t\t\t\t\t\t<p><b>LES JEUX<\/b><\/p>\n<ul>\n<li>les <b>fresques<\/b> : climat, oc\u00e9ane, de la renaissance \u00e9cologique. Les fresques sont de merveilleux outils p\u00e9dagogiques qui mettent en \u00e9vidence les liens entre des actions humaines ou ph\u00e9nom\u00e8nes naturels avec des \u00e9volutions constat\u00e9es. Sur la base de quizz ou de co-construction de ces interrelations directes ou indirectes, elles nous apportent une meilleure connaissance et compr\u00e9hension des processus et nous fait r\u00e9fl\u00e9chir chacun sur l&#8217;impact de nos gestes quotidiens sur la biodiversit\u00e9, l&#8217;environnement, le climat, le bien-\u00eatre&#8230;<\/li>\n<li>le Jeu des <b>Principes du Vivant<\/b>, issu d&#8217;une coop\u00e9ration entre HEP Education, le CEEBIOS et l&#8217;Institut des Futurs Souhaitables et inspir\u00e9 du biomim\u00e9tisme : au travers de cartes une invitation \u00e0 questionner vos pratiques innovantes et mieux observer le monde qui vous entoure, pour envisager des pratiques plus \u00e9cologiques et plus r\u00e9silientes et contribuer \u00e0 la transformation positive de votre collectif.<\/li>\n<li>Jeux de <b>r\u00f4le <\/b>: repr\u00e9senter des entit\u00e9s non humaines telles que la Terre \/ la Nature \/ le Vivant ou les G\u00e9n\u00e9rations futures (la 7\u00e8me g\u00e9n\u00e9ration, comme aiment \u00e0 la penser les peuples racines), dans une prise de d\u00e9cision ou un arbitrage<\/li>\n<li>&#8230; et plein d&#8217;autres de notre invention, \u00e0 partir de cartes, images&#8230;<\/li>\n<\/ul>\t\t\t\t\t\t<\/div>\n\t\t\t\t<\/div>\n\t\t\t\t\t<\/div>\n\t\t<\/div>\n\t\t\t\t\t\t\t<\/div>\n\t\t<\/section>\n\t\t\t\t<section class=\"elementor-section elementor-top-section elementor-element elementor-element-e46390e elementor-section-boxed elementor-section-height-default elementor-section-height-default\" data-id=\"e46390e\" data-element_type=\"section\">\n\t\t\t\t\t\t<div class=\"elementor-container elementor-column-gap-default\">\n\t\t\t\t\t<div class=\"elementor-column elementor-col-50 elementor-top-column elementor-element elementor-element-0b83976\" data-id=\"0b83976\" data-element_type=\"column\">\n\t\t\t<div class=\"elementor-widget-wrap elementor-element-populated\">\n\t\t\t\t\t\t\t\t<div class=\"elementor-element elementor-element-4d3fc12 elementor-widget elementor-widget-spacer\" data-id=\"4d3fc12\" data-element_type=\"widget\" data-widget_type=\"spacer.default\">\n\t\t\t\t<div class=\"elementor-widget-container\">\n\t\t\t\t\t<div class=\"elementor-spacer\">\n\t\t\t<div class=\"elementor-spacer-inner\"><\/div>\n\t\t<\/div>\n\t\t\t\t<\/div>\n\t\t\t\t<\/div>\n\t\t\t\t<div class=\"elementor-element elementor-element-6f60df0 elementor-widget elementor-widget-htmega-service-addons\" data-id=\"6f60df0\" data-element_type=\"widget\" data-widget_type=\"htmega-service-addons.default\">\n\t\t\t\t<div class=\"elementor-widget-container\">\n\t\t\t            <div class=\"htmega-service htmega-service-style-2\" >\n                <a href=\"https:\/\/biotopik.org\/index.php\/loffre\/\"><div class=\"icon\"><i aria-hidden=\"true\" class=\"far fa-gem\"><\/i><\/div><\/a>                <div class=\"content\">\n                    <h4 class=\"service-title\"><a href=\" https:\/\/biotopik.org\/index.php\/loffre\/ \">L'offre<\/a><\/h4><p>notre accompagnement\n<\/p>                <\/div>\n            <\/div>\n\n        \t\t<\/div>\n\t\t\t\t<\/div>\n\t\t\t\t<div class=\"elementor-element elementor-element-49cf225 elementor-widget elementor-widget-spacer\" data-id=\"49cf225\" data-element_type=\"widget\" data-widget_type=\"spacer.default\">\n\t\t\t\t<div class=\"elementor-widget-container\">\n\t\t\t\t\t<div class=\"elementor-spacer\">\n\t\t\t<div class=\"elementor-spacer-inner\"><\/div>\n\t\t<\/div>\n\t\t\t\t<\/div>\n\t\t\t\t<\/div>\n\t\t\t\t\t<\/div>\n\t\t<\/div>\n\t\t\t\t<div class=\"elementor-column elementor-col-50 elementor-top-column elementor-element elementor-element-40b7fac\" data-id=\"40b7fac\" data-element_type=\"column\">\n\t\t\t<div class=\"elementor-widget-wrap elementor-element-populated\">\n\t\t\t\t\t\t\t\t<div class=\"elementor-element elementor-element-cd076ad elementor-widget elementor-widget-spacer\" data-id=\"cd076ad\" data-element_type=\"widget\" data-widget_type=\"spacer.default\">\n\t\t\t\t<div class=\"elementor-widget-container\">\n\t\t\t\t\t<div class=\"elementor-spacer\">\n\t\t\t<div class=\"elementor-spacer-inner\"><\/div>\n\t\t<\/div>\n\t\t\t\t<\/div>\n\t\t\t\t<\/div>\n\t\t\t\t<div class=\"elementor-element elementor-element-b959e16 elementor-widget elementor-widget-htmega-service-addons\" data-id=\"b959e16\" data-element_type=\"widget\" data-widget_type=\"htmega-service-addons.default\">\n\t\t\t\t<div class=\"elementor-widget-container\">\n\t\t\t            <div class=\"htmega-service htmega-service-style-2\" >\n                <a href=\"https:\/\/biotopik.org\/index.php\/les-ateliers\/\"><div class=\"icon\"><i aria-hidden=\"true\" class=\"fas fa-users\"><\/i><\/div><\/a>                <div class=\"content\">\n                    <h4 class=\"service-title\"><a href=\" https:\/\/biotopik.org\/index.php\/les-ateliers\/ \">Les Ateliers<\/a><\/h4><p>Comment se d\u00e9roule une session ?\n<\/p>                <\/div>\n            <\/div>\n\n        \t\t<\/div>\n\t\t\t\t<\/div>\n\t\t\t\t\t<\/div>\n\t\t<\/div>\n\t\t\t\t\t\t\t<\/div>\n\t\t<\/section>\n\t\t\t\t\t\t<\/div>\n\t\t\t\t\t<\/div>\n\t\t","protected":false},"excerpt":{"rendered":"<p>Un outil est une cl\u00e9 pour ouvrir une porte sur des possibles&#8230; sans casse et en douceur ! Les OUTILS &amp; METHODES, ouvrons la bo\u00eete Avez-vous d\u00e9j\u00e0 essay\u00e9 d&#8217;utiliser un marteau \u00e0 plusieurs ? En l&#8217;absence de r\u00e8gles et d&#8217;un cadre strict de s\u00e9curit\u00e9, le sang coulera \u00e0 coup s\u00fbr !\u00a0 C&#8217;est pourquoi nous assortissons [&hellip;]<\/p>\n","protected":false},"author":1,"featured_media":0,"parent":0,"menu_order":0,"comment_status":"closed","ping_status":"closed","template":"","meta":{"_monsterinsights_skip_tracking":false,"_monsterinsights_sitenote_active":false,"_monsterinsights_sitenote_note":"","_monsterinsights_sitenote_category":0,"footnotes":""},"_links":{"self":[{"href":"https:\/\/biotopik.org\/index.php\/wp-json\/wp\/v2\/pages\/1694"}],"collection":[{"href":"https:\/\/biotopik.org\/index.php\/wp-json\/wp\/v2\/pages"}],"about":[{"href":"https:\/\/biotopik.org\/index.php\/wp-json\/wp\/v2\/types\/page"}],"author":[{"embeddable":true,"href":"https:\/\/biotopik.org\/index.php\/wp-json\/wp\/v2\/users\/1"}],"replies":[{"embeddable":true,"href":"https:\/\/biotopik.org\/index.php\/wp-json\/wp\/v2\/comments?post=1694"}],"version-history":[{"count":88,"href":"https:\/\/biotopik.org\/index.php\/wp-json\/wp\/v2\/pages\/1694\/revisions"}],"predecessor-version":[{"id":3447,"href":"https:\/\/biotopik.org\/index.php\/wp-json\/wp\/v2\/pages\/1694\/revisions\/3447"}],"wp:attachment":[{"href":"https:\/\/biotopik.org\/index.php\/wp-json\/wp\/v2\/media?parent=1694"}],"curies":[{"name":"wp","href":"https:\/\/api.w.org\/{rel}","templated":true}]}}