{"id":1700,"date":"2021-11-17T15:01:59","date_gmt":"2021-11-17T14:01:59","guid":{"rendered":"https:\/\/biotopik.org\/?page_id=1700"},"modified":"2022-02-24T13:58:15","modified_gmt":"2022-02-24T12:58:15","slug":"tarifs","status":"publish","type":"page","link":"https:\/\/biotopik.org\/index.php\/tarifs\/","title":{"rendered":"Tarifs"},"content":{"rendered":"\t\t<div data-elementor-type=\"wp-page\" data-elementor-id=\"1700\" class=\"elementor elementor-1700\" data-elementor-settings=\"[]\">\n\t\t\t\t\t\t\t<div class=\"elementor-section-wrap\">\n\t\t\t\t\t\t\t<section class=\"elementor-section elementor-top-section elementor-element elementor-element-a55d4c4 elementor-section-boxed elementor-section-height-default elementor-section-height-default\" data-id=\"a55d4c4\" data-element_type=\"section\" data-settings=\"{&quot;background_background&quot;:&quot;classic&quot;}\">\n\t\t\t\t\t\t<div class=\"elementor-container elementor-column-gap-default\">\n\t\t\t\t\t<div class=\"elementor-column elementor-col-100 elementor-top-column elementor-element elementor-element-502c144\" data-id=\"502c144\" data-element_type=\"column\">\n\t\t\t<div class=\"elementor-widget-wrap elementor-element-populated\">\n\t\t\t\t\t\t\t\t<div class=\"elementor-element elementor-element-1c94aaf elementor-widget elementor-widget-text-editor\" data-id=\"1c94aaf\" data-element_type=\"widget\" data-widget_type=\"text-editor.default\">\n\t\t\t\t<div class=\"elementor-widget-container\">\n\t\t\t\t\t\t\t<p>&#8220;Tout ce qui a son prix est de peu de valeur&#8221;, Nietzsche<\/p>\t\t\t\t\t\t<\/div>\n\t\t\t\t<\/div>\n\t\t\t\t\t<\/div>\n\t\t<\/div>\n\t\t\t\t\t\t\t<\/div>\n\t\t<\/section>\n\t\t\t\t<section class=\"elementor-section elementor-top-section elementor-element elementor-element-903b2c6 elementor-section-boxed elementor-section-height-default elementor-section-height-default\" data-id=\"903b2c6\" data-element_type=\"section\">\n\t\t\t\t\t\t<div class=\"elementor-container elementor-column-gap-default\">\n\t\t\t\t\t<div class=\"elementor-column elementor-col-100 elementor-top-column elementor-element elementor-element-ad754a9\" data-id=\"ad754a9\" data-element_type=\"column\">\n\t\t\t<div class=\"elementor-widget-wrap elementor-element-populated\">\n\t\t\t\t\t\t\t\t<div class=\"elementor-element elementor-element-84cef26 elementor-widget elementor-widget-spacer\" data-id=\"84cef26\" data-element_type=\"widget\" data-widget_type=\"spacer.default\">\n\t\t\t\t<div class=\"elementor-widget-container\">\n\t\t\t\t\t<div class=\"elementor-spacer\">\n\t\t\t<div class=\"elementor-spacer-inner\"><\/div>\n\t\t<\/div>\n\t\t\t\t<\/div>\n\t\t\t\t<\/div>\n\t\t\t\t<div class=\"elementor-element elementor-element-52779bb elementor-widget elementor-widget-text-editor\" data-id=\"52779bb\" data-element_type=\"widget\" data-widget_type=\"text-editor.default\">\n\t\t\t\t<div class=\"elementor-widget-container\">\n\t\t\t\t\t\t\t<p>Nos TARIFS &#8211; sur devis\u00a0<\/p>\t\t\t\t\t\t<\/div>\n\t\t\t\t<\/div>\n\t\t\t\t<div class=\"elementor-element elementor-element-c40ce97 elementor-widget elementor-widget-spacer\" data-id=\"c40ce97\" data-element_type=\"widget\" data-widget_type=\"spacer.default\">\n\t\t\t\t<div class=\"elementor-widget-container\">\n\t\t\t\t\t<div class=\"elementor-spacer\">\n\t\t\t<div class=\"elementor-spacer-inner\"><\/div>\n\t\t<\/div>\n\t\t\t\t<\/div>\n\t\t\t\t<\/div>\n\t\t\t\t\t<\/div>\n\t\t<\/div>\n\t\t\t\t\t\t\t<\/div>\n\t\t<\/section>\n\t\t\t\t<section class=\"elementor-section elementor-top-section elementor-element elementor-element-7ff01a0 elementor-section-boxed elementor-section-height-default elementor-section-height-default\" data-id=\"7ff01a0\" data-element_type=\"section\">\n\t\t\t\t\t\t\t<div class=\"elementor-background-overlay\"><\/div>\n\t\t\t\t\t\t\t<div class=\"elementor-container elementor-column-gap-default\">\n\t\t\t\t\t<div class=\"elementor-column elementor-col-100 elementor-top-column elementor-element elementor-element-bfd9ad8\" data-id=\"bfd9ad8\" data-element_type=\"column\">\n\t\t\t<div class=\"elementor-widget-wrap elementor-element-populated\">\n\t\t\t\t\t\t\t\t<div class=\"elementor-element elementor-element-30c92de elementor-widget elementor-widget-text-editor\" data-id=\"30c92de\" data-element_type=\"widget\" data-widget_type=\"text-editor.default\">\n\t\t\t\t<div class=\"elementor-widget-container\">\n\t\t\t\t\t\t\t<p>Notre tarif journalier varie en fonction des interlocuteurs et de la dur\u00e9e du projet ou de l\u2019intervention. Merci de nous <u>contacter <\/u>pour pouvoir recevoir un devis. Nous avons besoin d&#8217;un premier \u00e9change avec vous pour bien comprendre votre probl\u00e9matique avant d&#8217;y mettre des chiffres.<\/p><ul><li>Nous fonctionnons tant que possible au forfait pour les ateliers \u2013 en revanche, nos devis sont toujours bas\u00e9s sur une estimation concr\u00e8te du temps pass\u00e9, \u00e0 un instant t. Nous pr\u00e9f\u00e9rons d\u00e9couper un projet en plusieurs phases pour estimer au plus juste le temps \u00e0 passer, plut\u00f4t que de surestimer un forfait plein d\u2019incertitudes.<\/li><li>Nous pouvons adjoindre d&#8217;autres expertises et d&#8217;autres talents aux n\u00f4tres si besoin.<\/li><li>Une demande : donnez-vous le temps en amont d\u2019un projet, il sera largement gagn\u00e9 en aval pour sa mise en \u0153uvre ! C\u2019est du v\u00e9cu.<\/li><\/ul><p><em>\u00a0Nous sommes toujours partants pour un \u00e9change en amont de toute demande, pour voir si nos d\u00e9marches et objectifs sont compatibles, alors faites-nous signe !<\/em><\/p>\t\t\t\t\t\t<\/div>\n\t\t\t\t<\/div>\n\t\t\t\t\t<\/div>\n\t\t<\/div>\n\t\t\t\t\t\t\t<\/div>\n\t\t<\/section>\n\t\t\t\t<section class=\"elementor-section elementor-top-section elementor-element elementor-element-c048f52 elementor-section-boxed elementor-section-height-default elementor-section-height-default\" data-id=\"c048f52\" data-element_type=\"section\">\n\t\t\t\t\t\t<div class=\"elementor-container elementor-column-gap-default\">\n\t\t\t\t\t<div class=\"elementor-column elementor-col-100 elementor-top-column elementor-element elementor-element-bb20d7d\" data-id=\"bb20d7d\" data-element_type=\"column\">\n\t\t\t<div class=\"elementor-widget-wrap elementor-element-populated\">\n\t\t\t\t\t\t\t\t<div class=\"elementor-element elementor-element-17e3a2d elementor-widget elementor-widget-text-editor\" data-id=\"17e3a2d\" data-element_type=\"widget\" data-widget_type=\"text-editor.default\">\n\t\t\t\t<div class=\"elementor-widget-container\">\n\t\t\t\t\t\t\t<p>P<i>ointer vers le formulaire de contact<\/i><\/p>\t\t\t\t\t\t<\/div>\n\t\t\t\t<\/div>\n\t\t\t\t\t<\/div>\n\t\t<\/div>\n\t\t\t\t\t\t\t<\/div>\n\t\t<\/section>\n\t\t\t\t\t\t<\/div>\n\t\t\t\t\t<\/div>\n\t\t","protected":false},"excerpt":{"rendered":"<p>&#8220;Tout ce qui a son prix est de peu de valeur&#8221;, Nietzsche Nos TARIFS &#8211; sur devis\u00a0 Notre tarif journalier varie en fonction des interlocuteurs et de la dur\u00e9e du projet ou de l\u2019intervention. Merci de nous contacter pour pouvoir recevoir un devis. Nous avons besoin d&#8217;un premier \u00e9change avec vous pour bien comprendre votre [&hellip;]<\/p>\n","protected":false},"author":1,"featured_media":0,"parent":0,"menu_order":0,"comment_status":"closed","ping_status":"closed","template":"","meta":{"_monsterinsights_skip_tracking":false,"_monsterinsights_sitenote_active":false,"_monsterinsights_sitenote_note":"","_monsterinsights_sitenote_category":0,"footnotes":""},"_links":{"self":[{"href":"https:\/\/biotopik.org\/index.php\/wp-json\/wp\/v2\/pages\/1700"}],"collection":[{"href":"https:\/\/biotopik.org\/index.php\/wp-json\/wp\/v2\/pages"}],"about":[{"href":"https:\/\/biotopik.org\/index.php\/wp-json\/wp\/v2\/types\/page"}],"author":[{"embeddable":true,"href":"https:\/\/biotopik.org\/index.php\/wp-json\/wp\/v2\/users\/1"}],"replies":[{"embeddable":true,"href":"https:\/\/biotopik.org\/index.php\/wp-json\/wp\/v2\/comments?post=1700"}],"version-history":[{"count":31,"href":"https:\/\/biotopik.org\/index.php\/wp-json\/wp\/v2\/pages\/1700\/revisions"}],"predecessor-version":[{"id":3472,"href":"https:\/\/biotopik.org\/index.php\/wp-json\/wp\/v2\/pages\/1700\/revisions\/3472"}],"wp:attachment":[{"href":"https:\/\/biotopik.org\/index.php\/wp-json\/wp\/v2\/media?parent=1700"}],"curies":[{"name":"wp","href":"https:\/\/api.w.org\/{rel}","templated":true}]}}