{"id":2360,"date":"2021-11-23T18:20:09","date_gmt":"2021-11-23T17:20:09","guid":{"rendered":"https:\/\/biotopik.org\/?page_id=2360"},"modified":"2022-02-24T13:38:43","modified_gmt":"2022-02-24T12:38:43","slug":"pour-qui","status":"publish","type":"page","link":"https:\/\/biotopik.org\/index.php\/pour-qui\/","title":{"rendered":"POUR Qui ?"},"content":{"rendered":"\t\t<div data-elementor-type=\"wp-page\" data-elementor-id=\"2360\" class=\"elementor elementor-2360\" data-elementor-settings=\"[]\">\n\t\t\t\t\t\t\t<div class=\"elementor-section-wrap\">\n\t\t\t\t\t\t\t<section class=\"elementor-section elementor-top-section elementor-element elementor-element-3618df3 elementor-section-boxed elementor-section-height-default elementor-section-height-default\" data-id=\"3618df3\" data-element_type=\"section\">\n\t\t\t\t\t\t\t<div class=\"elementor-background-overlay\"><\/div>\n\t\t\t\t\t\t\t<div class=\"elementor-container elementor-column-gap-default\">\n\t\t\t\t\t<div class=\"elementor-column elementor-col-100 elementor-top-column elementor-element elementor-element-c218d7a\" data-id=\"c218d7a\" data-element_type=\"column\">\n\t\t\t<div class=\"elementor-widget-wrap elementor-element-populated\">\n\t\t\t\t\t\t\t\t<div class=\"elementor-element elementor-element-695885f elementor-widget elementor-widget-heading\" data-id=\"695885f\" data-element_type=\"widget\" data-widget_type=\"heading.default\">\n\t\t\t\t<div class=\"elementor-widget-container\">\n\t\t\t<h2 class=\"elementor-heading-title elementor-size-default\">\"Seuls nous ne faisons que nous pr\u00e9server. Notre v\u00e9ritable existence ne se v\u00e9rifie qu'\u00e0 travers les autres\", M.Medeiros<\/h2>\t\t<\/div>\n\t\t\t\t<\/div>\n\t\t\t\t\t<\/div>\n\t\t<\/div>\n\t\t\t\t\t\t\t<\/div>\n\t\t<\/section>\n\t\t\t\t<section class=\"elementor-section elementor-top-section elementor-element elementor-element-619e912 elementor-section-boxed elementor-section-height-default elementor-section-height-default\" data-id=\"619e912\" data-element_type=\"section\">\n\t\t\t\t\t\t\t<div class=\"elementor-background-overlay\"><\/div>\n\t\t\t\t\t\t\t<div class=\"elementor-container elementor-column-gap-default\">\n\t\t\t\t\t<div class=\"elementor-column elementor-col-100 elementor-top-column elementor-element elementor-element-2d3e9a5\" data-id=\"2d3e9a5\" data-element_type=\"column\">\n\t\t\t<div class=\"elementor-widget-wrap elementor-element-populated\">\n\t\t\t\t\t\t\t\t<div class=\"elementor-element elementor-element-f2833b3 elementor-widget elementor-widget-spacer\" data-id=\"f2833b3\" data-element_type=\"widget\" data-widget_type=\"spacer.default\">\n\t\t\t\t<div class=\"elementor-widget-container\">\n\t\t\t\t\t<div class=\"elementor-spacer\">\n\t\t\t<div class=\"elementor-spacer-inner\"><\/div>\n\t\t<\/div>\n\t\t\t\t<\/div>\n\t\t\t\t<\/div>\n\t\t\t\t<div class=\"elementor-element elementor-element-2cfa45c elementor-widget elementor-widget-text-editor\" data-id=\"2cfa45c\" data-element_type=\"widget\" data-widget_type=\"text-editor.default\">\n\t\t\t\t<div class=\"elementor-widget-container\">\n\t\t\t\t\t\t\t<p>POUR qui ?<\/p>\t\t\t\t\t\t<\/div>\n\t\t\t\t<\/div>\n\t\t\t\t<div class=\"elementor-element elementor-element-22e328c elementor-widget elementor-widget-spacer\" data-id=\"22e328c\" data-element_type=\"widget\" data-widget_type=\"spacer.default\">\n\t\t\t\t<div class=\"elementor-widget-container\">\n\t\t\t\t\t<div class=\"elementor-spacer\">\n\t\t\t<div class=\"elementor-spacer-inner\"><\/div>\n\t\t<\/div>\n\t\t\t\t<\/div>\n\t\t\t\t<\/div>\n\t\t\t\t\t<\/div>\n\t\t<\/div>\n\t\t\t\t\t\t\t<\/div>\n\t\t<\/section>\n\t\t\t\t<section class=\"elementor-section elementor-top-section elementor-element elementor-element-bb7bef2 elementor-section-boxed elementor-section-height-default elementor-section-height-default\" data-id=\"bb7bef2\" data-element_type=\"section\">\n\t\t\t\t\t\t\t<div class=\"elementor-background-overlay\"><\/div>\n\t\t\t\t\t\t\t<div class=\"elementor-container elementor-column-gap-default\">\n\t\t\t\t\t<div class=\"elementor-column elementor-col-100 elementor-top-column elementor-element elementor-element-2d17469\" data-id=\"2d17469\" data-element_type=\"column\">\n\t\t\t<div class=\"elementor-widget-wrap elementor-element-populated\">\n\t\t\t\t\t\t\t\t<div class=\"elementor-element elementor-element-99616a1 elementor-widget elementor-widget-text-editor\" data-id=\"99616a1\" data-element_type=\"widget\" data-widget_type=\"text-editor.default\">\n\t\t\t\t<div class=\"elementor-widget-container\">\n\t\t\t\t\t\t\t<p><b>S<\/b>i vous avez atterri sur cette page, vraisemblablement, vous \u00eates concern\u00e9s\u2026 discutons-en !<\/p>\t\t\t\t\t\t<\/div>\n\t\t\t\t<\/div>\n\t\t\t\t\t<\/div>\n\t\t<\/div>\n\t\t\t\t\t\t\t<\/div>\n\t\t<\/section>\n\t\t\t\t<section class=\"elementor-section elementor-top-section elementor-element elementor-element-1ba1095 elementor-section-boxed elementor-section-height-default elementor-section-height-default\" data-id=\"1ba1095\" data-element_type=\"section\">\n\t\t\t\t\t\t\t<div class=\"elementor-background-overlay\"><\/div>\n\t\t\t\t\t\t\t<div class=\"elementor-container elementor-column-gap-default\">\n\t\t\t\t\t<div class=\"elementor-column elementor-col-100 elementor-top-column elementor-element elementor-element-7eb7973\" data-id=\"7eb7973\" data-element_type=\"column\">\n\t\t\t<div class=\"elementor-widget-wrap elementor-element-populated\">\n\t\t\t\t\t\t\t\t<div class=\"elementor-element elementor-element-97bc13e elementor-widget elementor-widget-text-editor\" data-id=\"97bc13e\" data-element_type=\"widget\" data-widget_type=\"text-editor.default\">\n\t\t\t\t<div class=\"elementor-widget-container\">\n\t\t\t\t\t\t\t<p><b>Tout collectif existant ou en formation<\/b><\/p><p>A titre d&#8217;exemple :<\/p><ul><li>Collectivit\u00e9s territoriales<\/li><li>Associations<\/li><li>Elus<\/li><li>Equipes projet<\/li><li>Entreprises de l&#8217;\u00e9conomie classique ou de l&#8217;ESS<\/li><li>Communaut\u00e9s d&#8217;int\u00e9r\u00eat<\/li><li>Acteurs en responsabilit\u00e9 (totale ou partielle) de lieux ou projets multi-acteurs&#8230; sous tous leurs angles\u00a0<\/li><\/ul><p><em>Patrimoine b\u00e2ti, patrimoine naturel, biodiversit\u00e9 et Vivre ensemble, communs, parcelles, Parcs, lacs de barrage, Stations de ski, espaces sauvages ou anthropis\u00e9s ou r\u00e9ensauvag\u00e9s, chemins de randonn\u00e9es, lieux virtuels (communaut\u00e9s)..A<\/em><\/p>\t\t\t\t\t\t<\/div>\n\t\t\t\t<\/div>\n\t\t\t\t\t<\/div>\n\t\t<\/div>\n\t\t\t\t\t\t\t<\/div>\n\t\t<\/section>\n\t\t\t\t\t\t<\/div>\n\t\t\t\t\t<\/div>\n\t\t","protected":false},"excerpt":{"rendered":"<p>&#8220;Seuls nous ne faisons que nous pr\u00e9server. Notre v\u00e9ritable existence ne se v\u00e9rifie qu&#8217;\u00e0 travers les autres&#8221;, M.Medeiros POUR qui ? Si vous avez atterri sur cette page, vraisemblablement, vous \u00eates concern\u00e9s\u2026 discutons-en ! Tout collectif existant ou en formation A titre d&#8217;exemple : Collectivit\u00e9s territoriales Associations Elus Equipes projet Entreprises de l&#8217;\u00e9conomie classique ou [&hellip;]<\/p>\n","protected":false},"author":1,"featured_media":0,"parent":0,"menu_order":0,"comment_status":"closed","ping_status":"closed","template":"","meta":{"_monsterinsights_skip_tracking":false,"_monsterinsights_sitenote_active":false,"_monsterinsights_sitenote_note":"","_monsterinsights_sitenote_category":0,"footnotes":""},"_links":{"self":[{"href":"https:\/\/biotopik.org\/index.php\/wp-json\/wp\/v2\/pages\/2360"}],"collection":[{"href":"https:\/\/biotopik.org\/index.php\/wp-json\/wp\/v2\/pages"}],"about":[{"href":"https:\/\/biotopik.org\/index.php\/wp-json\/wp\/v2\/types\/page"}],"author":[{"embeddable":true,"href":"https:\/\/biotopik.org\/index.php\/wp-json\/wp\/v2\/users\/1"}],"replies":[{"embeddable":true,"href":"https:\/\/biotopik.org\/index.php\/wp-json\/wp\/v2\/comments?post=2360"}],"version-history":[{"count":22,"href":"https:\/\/biotopik.org\/index.php\/wp-json\/wp\/v2\/pages\/2360\/revisions"}],"predecessor-version":[{"id":3456,"href":"https:\/\/biotopik.org\/index.php\/wp-json\/wp\/v2\/pages\/2360\/revisions\/3456"}],"wp:attachment":[{"href":"https:\/\/biotopik.org\/index.php\/wp-json\/wp\/v2\/media?parent=2360"}],"curies":[{"name":"wp","href":"https:\/\/api.w.org\/{rel}","templated":true}]}}